{"id":974,"date":"2025-06-20T10:04:18","date_gmt":"2025-06-20T03:04:18","guid":{"rendered":"https:\/\/sofavinacom414.mbws.vn\/chinh-sach-mua-hang"},"modified":"2025-06-20T10:04:18","modified_gmt":"2025-06-20T03:04:18","slug":"chinh-sach-mua-hang","status":"publish","type":"page","link":"https:\/\/sofavina.com\/en\/chinh-sach-mua-hang","title":{"rendered":"Ch\u00ednh s\u00e1ch mua h\u00e0ng"},"content":{"rendered":"Sofavina  \u2013 Think Sofa, Think Sofavina xin c\u1ea3m \u01a1n s\u1ef1 quan t\u00e2m c\u1ee7a kh\u00e1ch h\u00e0ng \u0111\u1ed1i v\u1edbi c\u00e1c s\u1ea3n ph\u1ea9m c\u1ee7a ch\u00fang t\u00f4i. \u0110\u1ec3 \u0111\u1eb7t mua h\u00e0ng qu\u00fd kh\u00e1ch h\u00e0ng c\u00f3 th\u1ec3 th\u1ef1c hi\u1ec7n m\u1ed9t trong c\u00e1c ph\u01b0\u01a1ng th\u1ee9c qua:<\/p>\n<p><strong>1. Mua h\u00e0ng tr\u1ef1c tuy\u1ebfn<\/strong><\/p>\n<p>Qu\u00fd kh\u00e1ch h\u00e0ng c\u00f3 th\u1ec3 ch\u1ecdn m\u1eb7t h\u00e0ng v\u00e0 \u0111\u1eb7t h\u00e0ng tr\u1ef1c ti\u1ebfp website. Ch\u00fang t\u00f4i s\u1ebd li\u00ean h\u1ec7 x\u00e1c nh\u1eadn \u0111\u01a1n h\u00e0ng ngay sau khi nh\u1eadn \u0111\u01b0\u1ee3c \u0111\u01a1n h\u00e0ng.<\/p>\n<p><strong>2. Mua h\u00e0ng qua \u0111i\u1ec7n tho\u1ea1i<\/strong><\/p>\n<p>Qu\u00fd kh\u00e1ch c\u00f3 th\u1ec3 g\u1ecdi \u0111i\u1ec7n \u0111\u1ebfn s\u1ed1 Hotline: <a href=\"tel:0976699119 - 0346800248\">0976699119 - 0346800248<\/a> \u0111\u1ec3 \u0111\u01b0\u1ee3c t\u01b0 v\u1ea5n mua h\u00e0ng.<\/p>\n<h3 class=\"wp-block-heading\">Thanh to\u00e1n<\/h3>\n<p>Ch\u1ea5p nh\u1eadn thanh to\u00e1n qua:<\/p>\n<ul class=\"wp-block-list\">\n<li><strong>COD<\/strong>\u00a0\u2013 Nh\u1eadn h\u00e0ng r\u1ed3i thanh to\u00e1n.<\/li>\n<\/ul>\n<h3 class=\"wp-block-heading\">Th\u1eddi gian giao h\u00e0ng<\/h3>\n<p>Sau khi nh\u1eadn \u0111\u01a1n \u0111\u1eb7t h\u00e0ng c\u1ee7a Qu\u00fd kh\u00e1ch h\u00e0ng, ch\u00fang t\u00f4i s\u1ebd li\u00ean h\u1ec7 trong v\u00f2ng 24h \u0111\u1ec3 s\u1eafp x\u1ebfp giao h\u00e0ng.<\/p>\n<ul class=\"wp-block-list\">\n<li>\u0110\u01a1n h\u00e0ng n\u1ed9i th\u00e0nh ph\u1ed1 H\u1ed3 Ch\u00ed Minh, H\u00e0 N\u1ed9i c\u00f3 th\u1ec3 \u0111\u01b0\u1ee3c giao trong v\u00f2ng 24h k\u1ec3 t\u1eeb khi ch\u00fang t\u00f4i nh\u1eadn \u0111\u01b0\u1ee3c \u0111\u01a1n \u0111\u1eb7t h\u00e0ng.<\/li>\n<li>\u0110\u01a1n h\u00e0ng ngo\u1ea1i th\u00e0nh c\u00f3 th\u1ec3 \u0111\u01b0\u1ee3c giao trong v\u00f2ng 7 ng\u00e0y k\u1ec3 t\u1eeb ng\u00e0y x\u00e1c nh\u1eadn \u0111\u01a1n \u0111\u1eb7t h\u00e0ng.<\/li>\n<\/ul>\n<h3 class=\"wp-block-heading\">H\u00f3a \u0111\u01a1n t\u00e0i ch\u00ednh<\/h3>\n<p>C\u00f4ng ty s\u1ebd ph\u00e1t h\u00e0nh v\u00e0 g\u1eedi h\u00f3a \u0111\u01a1n GTGT cho c\u00e1c kh\u00e1ch h\u00e0ng\/ \u0110\u1ed1i t\u00e1c ph\u00e2n ph\u1ed1i c\u1ea7n xu\u1ea5t h\u00f3a \u0111\u01a1n t\u00e0i ch\u00ednh. N\u1ebfu Qu\u00fd kh\u00e1ch h\u00e0ng c\u00f3 nhu c\u1ea7u xu\u1ea5t h\u00f3a \u0111\u01a1n vui l\u00f2ng li\u00ean h\u1ec7 hotline <a href=\"tel:0976699119 - 0346800248\">0976699119 - 0346800248<\/a> \u0111\u1ec3 \u0111\u01b0\u1ee3c h\u1ed7 tr\u1ee3.<\/p>\n<h3 class=\"wp-block-heading\">Ch\u00ednh s\u00e1ch \u0111\u1ed5i tr\u1ea3<\/h3>\n<p>Nh\u1eb1m \u0111\u1ea3m b\u1ea3o quy\u1ec1n l\u1ee3i cho Qu\u00fd kh\u00e1ch h\u00e0ng khi s\u1eed d\u1ee5ng c\u00e1c s\u1ea3n ph\u1ea9m c\u1ee7a Sofavina  \u2013 Think Sofa, Think Sofavina, ch\u00fang t\u00f4i s\u1ebd ti\u1ebfn h\u00e0nh \u0111\u1ed5i tr\u1ea3 s\u1ea3n ph\u1ea9m m\u1edbi cho nh\u1eefng s\u1ea3n ph\u1ea9m b\u1ecb l\u1ed7i v\u1ec1 m\u1eb7t s\u1ea3n xu\u1ea5t.<\/p>\n","protected":false},"excerpt":{"rendered":"<p>xin c\u1ea3m \u01a1n s\u1ef1 quan t\u00e2m c\u1ee7a kh\u00e1ch h\u00e0ng \u0111\u1ed1i v\u1edbi c\u00e1c s\u1ea3n ph\u1ea9m c\u1ee7a ch\u00fang t\u00f4i. \u0110\u1ec3 \u0111\u1eb7t mua h\u00e0ng qu\u00fd kh\u00e1ch h\u00e0ng c\u00f3 th\u1ec3 th\u1ef1c hi\u1ec7n m\u1ed9t trong c\u00e1c ph\u01b0\u01a1ng th\u1ee9c qua: 1. Mua h\u00e0ng tr\u1ef1c tuy\u1ebfn Qu\u00fd kh\u00e1ch h\u00e0ng c\u00f3 th\u1ec3 ch\u1ecdn m\u1eb7t h\u00e0ng v\u00e0 \u0111\u1eb7t h\u00e0ng tr\u1ef1c ti\u1ebfp website. Ch\u00fang t\u00f4i&#8230;<\/p>\n","protected":false},"author":1,"featured_media":0,"parent":0,"menu_order":3,"comment_status":"closed","ping_status":"closed","template":"","meta":{"footnotes":""},"class_list":["post-974","page","type-page","status-publish","hentry"],"_links":{"self":[{"href":"https:\/\/sofavina.com\/en\/wp-json\/wp\/v2\/pages\/974","targetHints":{"allow":["GET"]}}],"collection":[{"href":"https:\/\/sofavina.com\/en\/wp-json\/wp\/v2\/pages"}],"about":[{"href":"https:\/\/sofavina.com\/en\/wp-json\/wp\/v2\/types\/page"}],"author":[{"embeddable":true,"href":"https:\/\/sofavina.com\/en\/wp-json\/wp\/v2\/users\/1"}],"replies":[{"embeddable":true,"href":"https:\/\/sofavina.com\/en\/wp-json\/wp\/v2\/comments?post=974"}],"version-history":[{"count":0,"href":"https:\/\/sofavina.com\/en\/wp-json\/wp\/v2\/pages\/974\/revisions"}],"wp:attachment":[{"href":"https:\/\/sofavina.com\/en\/wp-json\/wp\/v2\/media?parent=974"}],"curies":[{"name":"wp","href":"https:\/\/api.w.org\/{rel}","templated":true}]}}