{"id":978,"date":"2025-06-20T09:04:57","date_gmt":"2025-06-20T02:04:57","guid":{"rendered":"https:\/\/sofavinacom414.mbws.vn\/gioi-thieu"},"modified":"2025-11-19T14:52:19","modified_gmt":"2025-11-19T07:52:19","slug":"gioi-thieu","status":"publish","type":"page","link":"https:\/\/sofavina.com\/en\/gioi-thieu","title":{"rendered":"Gi\u1edbi thi\u1ec7u"},"content":{"rendered":"\n\t<section class=\"section pb-0\" id=\"section_877630192\">\n\t\t<div class=\"section-bg fill\" >\n\t\t\t\t\t\t\t\t\t\n\t\t\t\n\n\t\t<\/div>\n\n\t\t\n\n\t\t<div class=\"section-content relative\">\n\t\t\t\n<div class=\"row\"  id=\"row-555011361\">\n\n\t<div id=\"col-1263041618\" class=\"col small-12 large-12\"  data-animate=\"fadeInUp\">\n\t\t\t\t<div class=\"col-inner text-center\"  >\n\t\t\t\n\t\t\t\n<div class=\"ux-logo has-hover align-middle ux_logo inline-block mbws-logo \" style=\"max-width: 100%!important; width: 194.44444444444px!important\"><div class=\"ux-logo-link block image-\" title=\"\" href=\"\" style=\"padding: 15px;\"><img decoding=\"async\" src=\"https:\/\/sofavina.com\/wp-content\/uploads\/2025\/11\/c3a44b6b-ae22-4d1c-891a-c24cf32005b9-e1763533877370.png\" title=\"\" alt=\"\" class=\"ux-logo-image block\" style=\"height:100px;\" \/><\/div><\/div>\n\t<div id=\"text-777309143\" class=\"text last-reset\">\n\t\t\n<p>TR\u1ede N\u00caN T\u1ed0T H\u01a0N M\u1ed6I NG\u00c0Y C\u00d9NG NHAU<\/p>\n\t\t\n<style>\n#text-777309143 {\n  font-size: 0.9rem;\n}\n@media (min-width:550px) {\n  #text-777309143 {\n    font-size: 1.25rem;\n  }\n}\n<\/style>\n\t<\/div>\n\t\n\t<div id=\"text-3423408295\" class=\"text\">\n\t\t\n<h2>T\u01af\u01a0NG LAI C\u1ee6A N\u1ed8I TH\u1ea4T<\/h2>\n\t\t\n<style>\n#text-3423408295 {\n  font-size: 1.9rem;\n}\n@media (min-width:550px) {\n  #text-3423408295 {\n    font-size: 1.9rem;\n  }\n}\n<\/style>\n\t<\/div>\n\t\n\t\t<\/div>\n\t\t\t\t\t<\/div>\n\n\t\n\n\t<div id=\"col-1051924943\" class=\"col small-12 large-12\"  >\n\t\t\t\t<div class=\"col-inner text-center\"  >\n\t\t\t\n\t\t\t\n\t<div class=\"img has-hover img-radius x md-x lg-x y md-y lg-y\" id=\"image_927476802\">\n\t\t\t\t\t\t<div data-animate=\"blurIn\">\t\t<div class=\"img-inner dark\" >\n\t\t\t<img loading=\"lazy\" decoding=\"async\" width=\"1600\" height=\"700\" src=\"https:\/\/sofavina.com\/wp-content\/uploads\/2025\/10\/toa-heftiba-FV3GConVSss-unsplash.jpg\" class=\"attachment-original size-original\" alt=\"\" srcset=\"https:\/\/sofavina.com\/wp-content\/uploads\/2025\/10\/toa-heftiba-FV3GConVSss-unsplash.jpg 1600w, https:\/\/sofavina.com\/wp-content\/uploads\/2025\/10\/toa-heftiba-FV3GConVSss-unsplash-300x131.jpg 300w, https:\/\/sofavina.com\/wp-content\/uploads\/2025\/10\/toa-heftiba-FV3GConVSss-unsplash-1024x448.jpg 1024w, https:\/\/sofavina.com\/wp-content\/uploads\/2025\/10\/toa-heftiba-FV3GConVSss-unsplash-768x336.jpg 768w, https:\/\/sofavina.com\/wp-content\/uploads\/2025\/10\/toa-heftiba-FV3GConVSss-unsplash-1536x672.jpg 1536w, https:\/\/sofavina.com\/wp-content\/uploads\/2025\/10\/toa-heftiba-FV3GConVSss-unsplash-800x350.jpg 800w\" sizes=\"auto, (max-width: 1600px) 100vw, 1600px\" \/>\t\t\t\t\t\t\n\t\t\t\t\t<\/div>\n\t\t<\/div>\t\t\t\t\t\t\n<style>\n#image_927476802 {\n  width: 100%;\n}\n<\/style>\n\t<\/div>\n\t\n\t\t<\/div>\n\t\t\t\t\n<style>\n#col-1051924943 > .col-inner {\n  margin: 0px 0px -30px 0px;\n}\n@media (min-width:550px) {\n  #col-1051924943 > .col-inner {\n    margin: 0px 0px 0px 0px;\n  }\n}\n<\/style>\n\t<\/div>\n\n\t\n<\/div>\n\t\t<\/div>\n\n\t\t\n<style>\n#section_877630192 {\n  padding-top: 60px;\n  padding-bottom: 60px;\n}\n<\/style>\n\t<\/section>\n\t\n\n\t<section class=\"section\" id=\"section_772307845\">\n\t\t<div class=\"section-bg fill\" >\n\t\t\t\t\t\t\t\t\t\n\t\t\t\n\n\t\t<\/div>\n\n\t\t\n\n\t\t<div class=\"section-content relative\">\n\t\t\t\n<div class=\"row row-large\"  id=\"row-1734684291\">\n\n\t<div id=\"col-168403751\" class=\"col medium-12 small-12 large-7\"  data-animate=\"blurIn\">\n\t\t\t\t<div class=\"col-inner\"  >\n\t\t\t\n\t\t\t\n\t<div class=\"img has-hover x md-x lg-x y md-y lg-y\" id=\"image_355103760\">\n\t\t\t\t\t\t\t\t<div class=\"img-inner dark\" >\n\t\t\t<img loading=\"lazy\" decoding=\"async\" width=\"882\" height=\"650\" src=\"https:\/\/sofavina.com\/wp-content\/uploads\/2025\/10\/rabie-madaci-4iwG8QD17AE-unsplash.jpg\" class=\"attachment-large size-large\" alt=\"\" srcset=\"https:\/\/sofavina.com\/wp-content\/uploads\/2025\/10\/rabie-madaci-4iwG8QD17AE-unsplash.jpg 882w, https:\/\/sofavina.com\/wp-content\/uploads\/2025\/10\/rabie-madaci-4iwG8QD17AE-unsplash-300x221.jpg 300w, https:\/\/sofavina.com\/wp-content\/uploads\/2025\/10\/rabie-madaci-4iwG8QD17AE-unsplash-768x566.jpg 768w, https:\/\/sofavina.com\/wp-content\/uploads\/2025\/10\/rabie-madaci-4iwG8QD17AE-unsplash-800x590.jpg 800w\" sizes=\"auto, (max-width: 882px) 100vw, 882px\" \/>\t\t\t\t\t\t\n\t\t\t\t\t<\/div>\n\t\t\t\t\t\t\t\t\n<style>\n#image_355103760 {\n  width: 100%;\n}\n<\/style>\n\t<\/div>\n\t\n\t\t<\/div>\n\t\t\t\t\n<style>\n#col-168403751 > .col-inner {\n  margin: 0px 0px -30px 0px;\n}\n<\/style>\n\t<\/div>\n\n\t\n\n\t<div id=\"col-1922755\" class=\"col medium-12 small-12 large-5 medium-col-first\"  data-animate=\"fadeInUp\">\n\t\t\t\t<div class=\"col-inner\"  >\n\t\t\t\n\t\t\t\n\t<div id=\"text-177965942\" class=\"text\">\n\t\t\n<p>V\u1ec1 N\u1ed9i th\u1ea5t SOFAVINA<\/p>\n\t\t\n<style>\n#text-177965942 {\n  font-size: 1.2rem;\n  color: #f1c384;\n}\n#text-177965942 > * {\n  color: #f1c384;\n}\n<\/style>\n\t<\/div>\n\t\n\t<div id=\"text-2990517309\" class=\"text\">\n\t\t\n<h2>Ch\u00fang t\u00f4i l\u00e0 ai?<\/h2>\n\t\t\n<style>\n#text-2990517309 {\n  font-size: 1.35rem;\n}\n@media (min-width:850px) {\n  #text-2990517309 {\n    font-size: 1.9rem;\n  }\n}\n<\/style>\n\t<\/div>\n\t\n<p>Hi\u1ec7n nay, <strong>C\u00d4NG TY TNHH S\u1ea2N XU\u1ea4T TH\u01af\u01a0NG M\u1ea0I GH\u1ebe TR\u01af\u1edcNG K\u1ef6 VI NA (SOFAVINA)<\/strong> l\u00e0 \u0111\u01a1n v\u1ecb gia c\u00f4ng, chuy\u00ean s\u1ea3n xu\u1ea5t th\u01b0\u01a1ng hi\u1ec7u cho c\u00e1c nh\u00e3n h\u00e0ng l\u1edbn v\u00e0 n\u1ed5i ti\u1ebfng t\u1ea1i Vi\u1ec7t Nam c\u0169ng nh\u01b0 tr\u00ean to\u00e0n th\u1ebf gi\u1edbi, v\u1edbi ph\u01b0\u01a1ng ch\u00e2m: <em>\u201cTHINK SOFA \u2013 THINK SOFAVINA&#8221;<\/em><\/p>\n\t<div id=\"gap-1361064672\" class=\"gap-element clearfix\" style=\"display:block; height:auto;\">\n\t\t\n<style>\n#gap-1361064672 {\n  padding-top: 30px;\n}\n<\/style>\n\t<\/div>\n\t\n<div class=\"row row-collapse row-full-width row-divided counter-row\"  id=\"row-23847721\">\n\n\t<div id=\"col-1880166654\" class=\"col medium-4 small-4 large-4\"  >\n\t\t\t\t<div class=\"col-inner\"  >\n\t\t\t\n\t\t\t\n\r\n            <div class=\"mbws_counter \">\r\n                <div class=\"counter-style-center\">\r\n                                        <div class=\"counter-content\">\r\n                        <div class=\"counter-number\" style=\"font-size:3rem;color:rgb(241, 195, 132);\">\r\n                                                            <span class=\"count-up\">53<\/span>\r\n                                                            <span class=\"right-counter\">k<\/span>\r\n                                                    <\/div>\r\n                        <p class=\"title\">\r\n                            Kh\u00e1ch h\u00e0ng                        <\/p>\r\n                    <\/div>\r\n                <\/div>\r\n                                    <style>\r\n                        .mbws_counter .counter-icon svg{\r\n                            fill: currentColor;\r\n                            width: 100%;\r\n                            height: unset;\r\n                        }\r\n                        .mbws_counter .counter-number{\r\n                          font-weight: bold;\r\n                        }\r\n                        .mbws_counter .counter-style-center {\r\n                            text-align: center;\r\n                        }\r\n\r\n                                            <\/style>\r\n                            <\/div>\r\n\n\t\t<\/div>\n\t\t\t\t\t<\/div>\n\n\t\n\n\t<div id=\"col-1243469852\" class=\"col medium-4 small-4 large-4\"  >\n\t\t\t\t<div class=\"col-inner\"  >\n\t\t\t\n\t\t\t\n\r\n            <div class=\"mbws_counter \">\r\n                <div class=\"counter-style-center\">\r\n                                        <div class=\"counter-content\">\r\n                        <div class=\"counter-number\" style=\"font-size:3rem;color:rgb(241, 195, 132);\">\r\n                                                            <span class=\"count-up\">10<\/span>\r\n                                                            <span class=\"right-counter\">k<\/span>\r\n                                                    <\/div>\r\n                        <p class=\"title\">\r\n                            D\u1ef1 \u00e1n                        <\/p>\r\n                    <\/div>\r\n                <\/div>\r\n                                    <style>\r\n                        .mbws_counter .counter-icon svg{\r\n                            fill: currentColor;\r\n                            width: 100%;\r\n                            height: unset;\r\n                        }\r\n                        .mbws_counter .counter-number{\r\n                          font-weight: bold;\r\n                        }\r\n                        .mbws_counter .counter-style-center {\r\n                            text-align: center;\r\n                        }\r\n\r\n                                            <\/style>\r\n                            <\/div>\r\n\n\t\t<\/div>\n\t\t\t\t\t<\/div>\n\n\t\n\n\t<div id=\"col-1656206278\" class=\"col medium-4 small-4 large-4\"  >\n\t\t\t\t<div class=\"col-inner\"  >\n\t\t\t\n\t\t\t\n\r\n            <div class=\"mbws_counter \">\r\n                <div class=\"counter-style-center\">\r\n                                        <div class=\"counter-content\">\r\n                        <div class=\"counter-number\" style=\"font-size:3rem;color:rgb(241, 195, 132);\">\r\n                                                            <span class=\"count-up\">120<\/span>\r\n                                                    <\/div>\r\n                        <p class=\"title\">\r\n                            Gi\u1ea3i th\u01b0\u1edfng                        <\/p>\r\n                    <\/div>\r\n                <\/div>\r\n                                    <style>\r\n                        .mbws_counter .counter-icon svg{\r\n                            fill: currentColor;\r\n                            width: 100%;\r\n                            height: unset;\r\n                        }\r\n                        .mbws_counter .counter-number{\r\n                          font-weight: bold;\r\n                        }\r\n                        .mbws_counter .counter-style-center {\r\n                            text-align: center;\r\n                        }\r\n\r\n                                            <\/style>\r\n                            <\/div>\r\n\n\t\t<\/div>\n\t\t\t\t\t<\/div>\n\n\t\n<\/div>\n\t\t<\/div>\n\t\t\t\t\n<style>\n#col-1922755 > .col-inner {\n  padding: 0px 0px 0px 0px;\n}\n@media (min-width:850px) {\n  #col-1922755 > .col-inner {\n    padding: 0px 0px 0px 50px;\n  }\n}\n<\/style>\n\t<\/div>\n\n\t\n<\/div>\n\t\t<\/div>\n\n\t\t\n<style>\n#section_772307845 {\n  padding-top: 30px;\n  padding-bottom: 30px;\n}\n<\/style>\n\t<\/section>\n\t\n\n\t<section class=\"section\" id=\"section_1146922543\">\n\t\t<div class=\"section-bg fill\" >\n\t\t\t\t\t\t\t\t\t\n\t\t\t\n\n\t\t<\/div>\n\n\t\t\n\n\t\t<div class=\"section-content relative\">\n\t\t\t\n<div class=\"row row-large align-center\"  id=\"row-484583590\">\n\n\t<div id=\"col-734802412\" class=\"col medium-12 small-12 large-4\"  data-animate=\"fadeInLeft\">\n\t\t\t\t<div class=\"col-inner\"  >\n\t\t\t\n\t\t\t\n\t<div id=\"text-1057606494\" class=\"text\">\n\t\t\n<h4>\u0110\u1ed9i ng\u0169 nh\u00e2n s\u1ef1 gi\u00e0u kinh nghi\u1ec7m trong l\u0129nh v\u1ef1c thi\u1ebft k\u1ebf v\u00e0 thi c\u00f4ng n\u1ed9i th\u1ea5t<\/h4>\n\t\t\n<style>\n#text-1057606494 {\n  font-size: 1.35rem;\n}\n@media (min-width:850px) {\n  #text-1057606494 {\n    font-size: 1.9rem;\n  }\n}\n<\/style>\n\t<\/div>\n\t\n\t\t<\/div>\n\t\t\t\t\n<style>\n#col-734802412 > .col-inner {\n  margin: 0px 0px -30px 0px;\n}\n<\/style>\n\t<\/div>\n\n\t\n\n\t<div id=\"col-608561750\" class=\"col medium-6 small-12 large-4\"  data-animate=\"blurIn\">\n\t\t\t\t<div class=\"col-inner\"  >\n\t\t\t\n\t\t\t\n<p><strong>SOFAVINA<\/strong> quy t\u1ee5 \u0111\u1ed9i ng\u0169 nh\u00e2n s\u1ef1 l\u00e0 c\u00e1c ki\u1ebfn tr\u00fac s\u01b0, nh\u00e0 thi\u1ebft k\u1ebf c\u00f3 tr\u00ecnh \u0111\u1ed9 cao, d\u00e0y d\u1ea1n kinh nghi\u1ec7m v\u00e0 t\u00e2m huy\u1ebft v\u1edbi ngh\u1ec1 nh\u1eb1m ph\u1ee5c v\u1ee5 t\u1ed1t nh\u1ea5t cho kh\u00e1ch h\u00e0ng.<\/p>\n\t\t<\/div>\n\t\t\t\t\n<style>\n#col-608561750 > .col-inner {\n  margin: 0px 0px -30px 0px;\n}\n<\/style>\n\t<\/div>\n\n\t\n\n\t<div id=\"col-37730188\" class=\"col medium-6 small-12 large-4\"  data-animate=\"blurIn\">\n\t\t\t\t<div class=\"col-inner\"  >\n\t\t\t\n\t\t\t\n<p>V\u1edbi ki\u1ebfn th\u1ee9c s\u00e2u r\u1ed9ng v\u1ec1 c\u00e1c phong c\u00e1ch thi\u1ebft k\u1ebf n\u1ed9i th\u1ea5t tr\u00ean th\u1ebf gi\u1edbi, ch\u00fang t\u00f4i v\u1eeba v\u1eadn d\u1ee5ng linh ho\u1ea1t, v\u1eeba s\u00e1ng t\u1ea1o \u0111i\u1ec1u ch\u1ec9nh ph\u00f9 h\u1ee3p theo nhu c\u1ea7u ri\u00eang c\u1ee7a t\u1eebng kh\u00e1ch h\u00e0ng.<\/p>\n\t\t<\/div>\n\t\t\t\t\n<style>\n#col-37730188 > .col-inner {\n  margin: 0px 0px -30px 0px;\n}\n<\/style>\n\t<\/div>\n\n\t\n<\/div>\n\t\t<\/div>\n\n\t\t\n<style>\n#section_1146922543 {\n  padding-top: 30px;\n  padding-bottom: 30px;\n}\n<\/style>\n\t<\/section>\n\t\n\n\t<section class=\"section\" id=\"section_1153974931\">\n\t\t<div class=\"section-bg fill\" >\n\t\t\t\t\t\t\t\t\t\n\t\t\t\n\n\t\t<\/div>\n\n\t\t\n\n\t\t<div class=\"section-content relative\">\n\t\t\t\n<div class=\"row\"  id=\"row-2122618565\">\n\n\t<div id=\"col-1182046129\" class=\"col small-12 large-12\"  >\n\t\t\t\t<div class=\"col-inner\"  >\n\t\t\t\n\t\t\t\n<div class=\"container section-title-container\" ><h2 class=\"section-title section-title-center\"><b><\/b><span class=\"section-title-main\" style=\"font-size:135%;\">S\u1edf h\u1eefu nh\u00e0 m\u00e1y s\u1ea3n xu\u1ea5t n\u1ed9i th\u1ea5t ri\u00eang<\/span><b><\/b><\/h2><\/div>\n\t\t<\/div>\n\t\t\t\t\n<style>\n#col-1182046129 > .col-inner {\n  margin: 0px 0px -20px 0px;\n}\n<\/style>\n\t<\/div>\n\n\t\n\n\t<div id=\"col-637734390\" class=\"col medium-5 small-12 large-5\"  data-animate=\"fadeInLeft\">\n\t\t\t\t<div class=\"col-inner\"  >\n\t\t\t\n\t\t\t\n\t<div class=\"img has-hover x md-x lg-x y md-y lg-y\" id=\"image_1309293465\">\n\t\t\t\t\t\t\t\t<div class=\"img-inner dark\" >\n\t\t\t<img loading=\"lazy\" decoding=\"async\" width=\"1280\" height=\"959\" src=\"https:\/\/sofavina.com\/wp-content\/uploads\/2025\/10\/OIP.jpg\" class=\"attachment-original size-original\" alt=\"\" srcset=\"https:\/\/sofavina.com\/wp-content\/uploads\/2025\/10\/OIP.jpg 1280w, https:\/\/sofavina.com\/wp-content\/uploads\/2025\/10\/OIP-300x225.jpg 300w, https:\/\/sofavina.com\/wp-content\/uploads\/2025\/10\/OIP-768x575.jpg 768w, https:\/\/sofavina.com\/wp-content\/uploads\/2025\/10\/OIP-800x599.jpg 800w\" sizes=\"auto, (max-width: 1280px) 100vw, 1280px\" \/>\t\t\t\t\t\t\n\t\t\t\t\t<\/div>\n\t\t\t\t\t\t\t\t\n<style>\n#image_1309293465 {\n  width: 100%;\n}\n<\/style>\n\t<\/div>\n\t\n\t\t<\/div>\n\t\t\t\t\t<\/div>\n\n\t\n\n\t<div id=\"col-750832209\" class=\"col medium-7 small-12 large-7\"  data-animate=\"fadeInRight\">\n\t\t\t\t<div class=\"col-inner\"  >\n\t\t\t\n\t\t\t\n<ul>\n<li style=\"text-align: justify;\">Thay v\u00ec ph\u1ea3i \u0111\u1eb7t h\u00e0ng t\u1eeb c\u00e1c \u0111\u01a1n v\u1ecb kh\u00e1c, C\u00f4ng ty <strong>SOFAVINA<\/strong> t\u1ef1 h\u00e0o s\u1edf h\u1eefu nh\u00e0 m\u00e1y s\u1ea3n xu\u1ea5t n\u1ed9i th\u1ea5t \u2013 sofa v\u1edbi quy m\u00f4 h\u01a1n 3.000m\u00b2 t\u1ecda l\u1ea1c t\u1ea1i TP. H\u1ed3 Ch\u00ed Minh.<\/li>\n<li style=\"text-align: justify;\">Nh\u00e0 m\u00e1y \u0111\u01b0\u1ee3c trang b\u1ecb c\u00f4ng ngh\u1ec7 s\u1ea3n xu\u1ea5t hi\u1ec7n \u0111\u1ea1i, \u0111\u00e1p \u1ee9ng nh\u1eefng y\u00eau c\u1ea7u kh\u1eaft khe v\u1ec1 th\u1ea9m m\u1ef9 v\u00e0 c\u00f4ng n\u0103ng s\u1eed d\u1ee5ng.<\/li>\n<li style=\"text-align: justify;\">\u0110\u1eb7c bi\u1ec7t, <strong>SOFAVINA<\/strong> lu\u00f4n c\u1eadp nh\u1eadt xu h\u01b0\u1edbng thi\u1ebft k\u1ebf n\u1ed9i th\u1ea5t hi\u1ec7n \u0111\u1ea1i, gi\u00fap kh\u00e1ch h\u00e0ng s\u1edf h\u1eefu nh\u1eefng s\u1ea3n ph\u1ea9m n\u1ed9i th\u1ea5t th\u1eddi th\u01b0\u1ee3ng, mang phong c\u00e1ch \u0111\u1ed9c \u0111\u00e1o v\u00e0 kh\u00e1c bi\u1ec7t ch\u1ec9 c\u00f3 t\u1ea1i <strong>SOFAVINA<\/strong>.<\/li>\n<\/ul>\n\t\t<\/div>\n\t\t\t\t\t<\/div>\n\n\t\n<\/div>\n\t\t<\/div>\n\n\t\t\n<style>\n#section_1153974931 {\n  padding-top: 30px;\n  padding-bottom: 30px;\n}\n<\/style>\n\t<\/section>\n\t\n\n\t<section class=\"section\" id=\"section_2063901451\">\n\t\t<div class=\"section-bg fill\" >\n\t\t\t\t\t\t\t\t\t\n\t\t\t\n\n\t\t<\/div>\n\n\t\t\n\n\t\t<div class=\"section-content relative\">\n\t\t\t\n<div class=\"row align-equal\"  id=\"row-2032651318\">\n\n\t<div id=\"col-1097412844\" class=\"col medium-4 small-12 large-4\"  data-animate=\"fadeInUp\">\n\t\t\t\t<div class=\"col-inner\" style=\"background-color:rgb(241, 195, 132);\" >\n\t\t\t\n\t\t\t\n\n\t\t<div class=\"icon-box featured-box icon-box-center text-center\"  >\n\t\t\t\t\t<div class=\"icon-box-img\" style=\"width: 60px\">\n\t\t\t\t<div class=\"icon\">\n\t\t\t\t\t<div class=\"icon-inner\" >\n\t\t\t\t\t\t<img loading=\"lazy\" decoding=\"async\" width=\"300\" height=\"300\" src=\"https:\/\/sofavina.com\/wp-content\/uploads\/2025\/10\/vision_1464393-300x300.png\" class=\"attachment-medium size-medium\" alt=\"\" srcset=\"https:\/\/sofavina.com\/wp-content\/uploads\/2025\/10\/vision_1464393-300x300.png 300w, https:\/\/sofavina.com\/wp-content\/uploads\/2025\/10\/vision_1464393-150x150.png 150w, https:\/\/sofavina.com\/wp-content\/uploads\/2025\/10\/vision_1464393-400x400.png 400w, https:\/\/sofavina.com\/wp-content\/uploads\/2025\/10\/vision_1464393-100x100.png 100w, https:\/\/sofavina.com\/wp-content\/uploads\/2025\/10\/vision_1464393.png 512w\" sizes=\"auto, (max-width: 300px) 100vw, 300px\" \/>\t\t\t\t\t<\/div>\n\t\t\t\t<\/div>\n\t\t\t<\/div>\n\t\t\t\t<div class=\"icon-box-text last-reset\">\n\t\t\t\t\t\t\t\t\t\n\t<div id=\"text-1544818158\" class=\"text\">\n\t\t\n<h2 style=\"text-align: center;\">T\u1ea7m nh\u00ecn<\/h2>\n<p style=\"text-align: justify;\"><strong>SOFAVINA<\/strong> h\u01b0\u1edbng \u0111\u1ebfn tr\u1edf th\u00e0nh th\u01b0\u01a1ng hi\u1ec7u n\u1ed9i th\u1ea5t h\u00e0ng \u0111\u1ea7u Vi\u1ec7t Nam trong l\u0129nh v\u1ef1c thi\u1ebft k\u1ebf v\u00e0 s\u1ea3n xu\u1ea5t sofa cao c\u1ea5p, kh\u1eb3ng \u0111\u1ecbnh v\u1ecb th\u1ebf tr\u00ean th\u1ecb tr\u01b0\u1eddng qu\u1ed1c t\u1ebf b\u1eb1ng ch\u1ea5t l\u01b0\u1ee3ng v\u01b0\u1ee3t tr\u1ed9i, thi\u1ebft k\u1ebf tinh t\u1ebf v\u00e0 phong c\u00e1ch ri\u00eang bi\u1ec7t.<\/p>\n<p style=\"text-align: justify;\">Ch\u00fang t\u00f4i kh\u00f4ng ch\u1ec9 t\u1ea1o ra nh\u1eefng s\u1ea3n ph\u1ea9m n\u1ed9i th\u1ea5t sang tr\u1ecdng, m\u00e0 c\u00f2n truy\u1ec1n c\u1ea3m h\u1ee9ng v\u1ec1 l\u1ed1i s\u1ed1ng hi\u1ec7n \u0111\u1ea1i, th\u1ea9m m\u1ef9 v\u00e0 b\u1ec1n v\u1eefng, g\u00f3p ph\u1ea7n n\u00e2ng t\u1ea7m gi\u00e1 tr\u1ecb c\u1ee7a th\u01b0\u01a1ng hi\u1ec7u Vi\u1ec7t tr\u00ean b\u1ea3n \u0111\u1ed3 n\u1ed9i th\u1ea5t th\u1ebf gi\u1edbi.<\/p>\n\t\t\n<style>\n#text-1544818158 {\n  text-align: left;\n}\n<\/style>\n\t<\/div>\n\t\n\t\t<\/div>\n\t<\/div>\n\t\n\t\n\t\t<\/div>\n\t\t\t\t\n<style>\n#col-1097412844 > .col-inner {\n  padding: 10px 20px 20px 20px;\n  border-radius: 15px;\n}\n<\/style>\n\t<\/div>\n\n\t\n\n\t<div id=\"col-1190715850\" class=\"col medium-4 small-12 large-4\"  data-animate=\"fadeInUp\">\n\t\t\t\t<div class=\"col-inner\" style=\"background-color:rgb(241, 195, 132);\" >\n\t\t\t\n\t\t\t\n\n\t\t<div class=\"icon-box featured-box icon-box-center text-center\"  >\n\t\t\t\t\t<div class=\"icon-box-img\" style=\"width: 60px\">\n\t\t\t\t<div class=\"icon\">\n\t\t\t\t\t<div class=\"icon-inner\" >\n\t\t\t\t\t\t<img loading=\"lazy\" decoding=\"async\" width=\"300\" height=\"300\" src=\"https:\/\/sofavina.com\/wp-content\/uploads\/2025\/10\/mountain_15139086-300x300.png\" class=\"attachment-medium size-medium\" alt=\"\" srcset=\"https:\/\/sofavina.com\/wp-content\/uploads\/2025\/10\/mountain_15139086-300x300.png 300w, https:\/\/sofavina.com\/wp-content\/uploads\/2025\/10\/mountain_15139086-150x150.png 150w, https:\/\/sofavina.com\/wp-content\/uploads\/2025\/10\/mountain_15139086-400x400.png 400w, https:\/\/sofavina.com\/wp-content\/uploads\/2025\/10\/mountain_15139086-100x100.png 100w, https:\/\/sofavina.com\/wp-content\/uploads\/2025\/10\/mountain_15139086.png 512w\" sizes=\"auto, (max-width: 300px) 100vw, 300px\" \/>\t\t\t\t\t<\/div>\n\t\t\t\t<\/div>\n\t\t\t<\/div>\n\t\t\t\t<div class=\"icon-box-text last-reset\">\n\t\t\t\t\t\t\t\t\t\n\t<div id=\"text-2821072560\" class=\"text\">\n\t\t\n<h2 style=\"text-align: center;\">S\u1ee9 m\u1ec7nh<\/h2>\n<p style=\"text-align: justify;\">Mang \u0111\u1ebfn nh\u1eefng s\u1ea3n ph\u1ea9m sofa v\u00e0 n\u1ed9i th\u1ea5t tinh t\u1ebf, b\u1ec1n v\u1eefng, k\u1ebft h\u1ee3p gi\u1eefa thi\u1ebft k\u1ebf s\u00e1ng t\u1ea1o v\u00e0 ch\u1ea5t l\u01b0\u1ee3ng v\u01b0\u1ee3t tr\u1ed9i.<\/p>\n<p style=\"text-align: justify;\">Ki\u1ebfn t\u1ea1o kh\u00f4ng gian s\u1ed1ng \u0111\u1eb3ng c\u1ea5p cho kh\u00e1ch h\u00e0ng th\u00f4ng qua s\u1ea3n ph\u1ea9m \u0111\u01b0\u1ee3c s\u1ea3n xu\u1ea5t b\u1eb1ng c\u00f4ng ngh\u1ec7 hi\u1ec7n \u0111\u1ea1i, tay ngh\u1ec1 t\u1ec9 m\u1ec9 v\u00e0 ni\u1ec1m \u0111am m\u00ea ngh\u1ec1 nghi\u1ec7p.<\/p>\n<p style=\"text-align: justify;\">\u0110\u1ed3ng h\u00e0nh c\u00f9ng \u0111\u1ed1i t\u00e1c trong vi\u1ec7c ph\u00e1t tri\u1ec3n th\u01b0\u01a1ng hi\u1ec7u v\u00e0 n\u00e2ng cao gi\u00e1 tr\u1ecb s\u1ea3n ph\u1ea9m Vi\u1ec7t tr\u00ean th\u1ecb tr\u01b0\u1eddng qu\u1ed1c t\u1ebf.<\/p>\n\t\t\n<style>\n#text-2821072560 {\n  text-align: left;\n}\n<\/style>\n\t<\/div>\n\t\n\t\t<\/div>\n\t<\/div>\n\t\n\t\n\t\t<\/div>\n\t\t\t\t\n<style>\n#col-1190715850 > .col-inner {\n  padding: 10px 20px 20px 20px;\n  border-radius: 15px;\n}\n<\/style>\n\t<\/div>\n\n\t\n\n\t<div id=\"col-1171224636\" class=\"col medium-4 small-12 large-4\"  data-animate=\"fadeInUp\">\n\t\t\t\t<div class=\"col-inner\" style=\"background-color:rgb(241, 195, 132);\" >\n\t\t\t\n\t\t\t\n\n\t\t<div class=\"icon-box featured-box icon-box-center text-center\"  >\n\t\t\t\t\t<div class=\"icon-box-img\" style=\"width: 60px\">\n\t\t\t\t<div class=\"icon\">\n\t\t\t\t\t<div class=\"icon-inner\" >\n\t\t\t\t\t\t<img loading=\"lazy\" decoding=\"async\" width=\"300\" height=\"300\" src=\"https:\/\/sofavina.com\/wp-content\/uploads\/2025\/10\/core-value_12282174-300x300.png\" class=\"attachment-medium size-medium\" alt=\"\" srcset=\"https:\/\/sofavina.com\/wp-content\/uploads\/2025\/10\/core-value_12282174-300x300.png 300w, https:\/\/sofavina.com\/wp-content\/uploads\/2025\/10\/core-value_12282174-150x150.png 150w, https:\/\/sofavina.com\/wp-content\/uploads\/2025\/10\/core-value_12282174-400x400.png 400w, https:\/\/sofavina.com\/wp-content\/uploads\/2025\/10\/core-value_12282174-100x100.png 100w, https:\/\/sofavina.com\/wp-content\/uploads\/2025\/10\/core-value_12282174.png 512w\" sizes=\"auto, (max-width: 300px) 100vw, 300px\" \/>\t\t\t\t\t<\/div>\n\t\t\t\t<\/div>\n\t\t\t<\/div>\n\t\t\t\t<div class=\"icon-box-text last-reset\">\n\t\t\t\t\t\t\t\t\t\n\t<div id=\"text-3401259030\" class=\"text\">\n\t\t\n<h2 style=\"text-align: center;\">T\u1ea7m nh\u00ecn<\/h2>\n<p style=\"text-align: justify;\"><em>Ch\u1ea5t l\u01b0\u1ee3ng \u2013 Uy t\u00edn:<\/em> Cam k\u1ebft ch\u1ea5t l\u01b0\u1ee3ng trong t\u1eebng s\u1ea3n ph\u1ea9m, l\u1ea5y uy t\u00edn l\u00e0m n\u1ec1n t\u1ea3ng ph\u00e1t tri\u1ec3n.<\/p>\n<p style=\"text-align: justify;\"><em>S\u00e1ng t\u1ea1o \u2013 \u0110\u1ed9t ph\u00e1:<\/em> Kh\u00f4ng ng\u1eebng c\u1ea3i ti\u1ebfn thi\u1ebft k\u1ebf v\u00e0 c\u00f4ng ngh\u1ec7 \u0111\u1ec3 t\u1ea1o n\u00ean s\u1ef1 kh\u00e1c bi\u1ec7t.<\/p>\n\t\t\n<style>\n#text-3401259030 {\n  text-align: left;\n}\n<\/style>\n\t<\/div>\n\t\n\t\t<\/div>\n\t<\/div>\n\t\n\t\n\t\t<\/div>\n\t\t\t\t\n<style>\n#col-1171224636 > .col-inner {\n  padding: 10px 20px 20px 20px;\n  border-radius: 15px;\n}\n<\/style>\n\t<\/div>\n\n\t\n<\/div>\n\t\t<\/div>\n\n\t\t\n<style>\n#section_2063901451 {\n  padding-top: 30px;\n  padding-bottom: 30px;\n}\n<\/style>\n\t<\/section>\n\t\n","protected":false},"excerpt":{"rendered":"","protected":false},"author":1,"featured_media":0,"parent":0,"menu_order":8,"comment_status":"closed","ping_status":"closed","template":"page-blank.php","meta":{"footnotes":""},"class_list":["post-978","page","type-page","status-publish","hentry"],"_links":{"self":[{"href":"https:\/\/sofavina.com\/en\/wp-json\/wp\/v2\/pages\/978","targetHints":{"allow":["GET"]}}],"collection":[{"href":"https:\/\/sofavina.com\/en\/wp-json\/wp\/v2\/pages"}],"about":[{"href":"https:\/\/sofavina.com\/en\/wp-json\/wp\/v2\/types\/page"}],"author":[{"embeddable":true,"href":"https:\/\/sofavina.com\/en\/wp-json\/wp\/v2\/users\/1"}],"replies":[{"embeddable":true,"href":"https:\/\/sofavina.com\/en\/wp-json\/wp\/v2\/comments?post=978"}],"version-history":[{"count":10,"href":"https:\/\/sofavina.com\/en\/wp-json\/wp\/v2\/pages\/978\/revisions"}],"predecessor-version":[{"id":1075,"href":"https:\/\/sofavina.com\/en\/wp-json\/wp\/v2\/pages\/978\/revisions\/1075"}],"wp:attachment":[{"href":"https:\/\/sofavina.com\/en\/wp-json\/wp\/v2\/media?parent=978"}],"curies":[{"name":"wp","href":"https:\/\/api.w.org\/{rel}","templated":true}]}}