{"id":1227,"date":"2026-05-09T13:56:42","date_gmt":"2026-05-09T06:56:42","guid":{"rendered":"https:\/\/sofavina.com\/?post_type=product&#038;p=1227"},"modified":"2026-05-09T13:56:43","modified_gmt":"2026-05-09T06:56:43","slug":"%f0%9d%90%86%f0%9d%90%95%f0%9d%90%8d-%f0%9d%9f%8e%f0%9d%9f%8f-ghe-teddy-go-tu-nhien-goc","status":"publish","type":"product","link":"https:\/\/sofavina.com\/en\/san-pham\/%f0%9d%90%86%f0%9d%90%95%f0%9d%90%8d-%f0%9d%9f%8e%f0%9d%9f%8f-ghe-teddy-go-tu-nhien-goc","title":{"rendered":"[\ud835\udc06\ud835\udc15\ud835\udc0d-\ud835\udfce\ud835\udfcf] GH\u1ebe TEDDY G\u1ed6 T\u1ef0 NHI\u00caN G\u1ed0C"},"content":{"rendered":"<p><img loading=\"lazy\" decoding=\"async\" class=\"alignnone size-medium wp-image-1230\" src=\"https:\/\/sofavina.com\/wp-content\/uploads\/2026\/05\/70-300x300.png\" alt=\"\" width=\"300\" height=\"300\" srcset=\"https:\/\/sofavina.com\/wp-content\/uploads\/2026\/05\/70-300x300.png 300w, https:\/\/sofavina.com\/wp-content\/uploads\/2026\/05\/70-1024x1024.png 1024w, https:\/\/sofavina.com\/wp-content\/uploads\/2026\/05\/70-150x150.png 150w, https:\/\/sofavina.com\/wp-content\/uploads\/2026\/05\/70-768x768.png 768w, https:\/\/sofavina.com\/wp-content\/uploads\/2026\/05\/70-1536x1536.png 1536w, https:\/\/sofavina.com\/wp-content\/uploads\/2026\/05\/70-2048x2048.png 2048w, https:\/\/sofavina.com\/wp-content\/uploads\/2026\/05\/70-400x400.png 400w, https:\/\/sofavina.com\/wp-content\/uploads\/2026\/05\/70-800x800.png 800w, https:\/\/sofavina.com\/wp-content\/uploads\/2026\/05\/70-100x100.png 100w\" sizes=\"auto, (max-width: 300px) 100vw, 300px\" \/> <img loading=\"lazy\" decoding=\"async\" class=\"alignnone size-medium wp-image-1232\" src=\"https:\/\/sofavina.com\/wp-content\/uploads\/2026\/05\/73-300x300.png\" alt=\"\" width=\"300\" height=\"300\" srcset=\"https:\/\/sofavina.com\/wp-content\/uploads\/2026\/05\/73-300x300.png 300w, https:\/\/sofavina.com\/wp-content\/uploads\/2026\/05\/73-1024x1024.png 1024w, https:\/\/sofavina.com\/wp-content\/uploads\/2026\/05\/73-150x150.png 150w, https:\/\/sofavina.com\/wp-content\/uploads\/2026\/05\/73-768x768.png 768w, https:\/\/sofavina.com\/wp-content\/uploads\/2026\/05\/73-1536x1536.png 1536w, https:\/\/sofavina.com\/wp-content\/uploads\/2026\/05\/73-2048x2048.png 2048w, https:\/\/sofavina.com\/wp-content\/uploads\/2026\/05\/73-400x400.png 400w, https:\/\/sofavina.com\/wp-content\/uploads\/2026\/05\/73-800x800.png 800w, https:\/\/sofavina.com\/wp-content\/uploads\/2026\/05\/73-100x100.png 100w\" sizes=\"auto, (max-width: 300px) 100vw, 300px\" \/> <img loading=\"lazy\" decoding=\"async\" class=\"alignnone size-medium wp-image-1234\" src=\"https:\/\/sofavina.com\/wp-content\/uploads\/2026\/05\/74-300x300.png\" alt=\"\" width=\"300\" height=\"300\" srcset=\"https:\/\/sofavina.com\/wp-content\/uploads\/2026\/05\/74-300x300.png 300w, https:\/\/sofavina.com\/wp-content\/uploads\/2026\/05\/74-1024x1024.png 1024w, https:\/\/sofavina.com\/wp-content\/uploads\/2026\/05\/74-150x150.png 150w, https:\/\/sofavina.com\/wp-content\/uploads\/2026\/05\/74-768x768.png 768w, https:\/\/sofavina.com\/wp-content\/uploads\/2026\/05\/74-1536x1536.png 1536w, https:\/\/sofavina.com\/wp-content\/uploads\/2026\/05\/74-2048x2048.png 2048w, https:\/\/sofavina.com\/wp-content\/uploads\/2026\/05\/74-400x400.png 400w, https:\/\/sofavina.com\/wp-content\/uploads\/2026\/05\/74-800x800.png 800w, https:\/\/sofavina.com\/wp-content\/uploads\/2026\/05\/74-100x100.png 100w\" sizes=\"auto, (max-width: 300px) 100vw, 300px\" \/><\/p>\n","protected":false},"excerpt":{"rendered":"<div class=\"product-title-container is-large\">\n<h1 class=\"product-title product_title entry-title\">Gh\u1ebf \u0102n G\u1ed7 Cao Su B\u1ecdc V\u1ea3i PRINCETON<\/h1>\n<\/div>\n<div class=\"product-price-container is-normal\">\n<div class=\"price-wrapper\">\n<p class=\"price product-page-price \"><span class=\"woocommerce-Price-amount amount\"><bdi>2.630.000\u00a0<span class=\"woocommerce-Price-currencySymbol\">\u20ab<\/span><\/bdi><\/span><\/p>\n<\/div>\n<\/div>\n<div class=\"product-short-description\">\n<p>M\u1eabu gh\u1ebf \u0103n PRINCETON g\u00e2y \u1ea5n t\u01b0\u1ee3ng ngay t\u1eeb l\u1ea7n \u0111\u1ea7u ti\u00ean b\u1edfi v\u1ebb \u0111\u1eb9p sang tr\u1ecdng, tinh t\u1ebf, mang \u0111\u1eadm h\u01a1i th\u1edf \u00c1 Ch\u00e2u. D\u00f9 b\u1ea1n l\u00e0 ng\u01b0\u1eddi y\u00eau th\u00edch phong c\u00e1ch c\u1ed5 \u0111i\u1ec3n hay hi\u1ec7n \u0111\u1ea1i, th\u00ec s\u1ea3n ph\u1ea9m gh\u1ebf \u0103n PRINCETON c\u0169ng l\u00e0 s\u1ef1 l\u1ef1a ch\u1ecdn ph\u00f9 h\u1ee3p nh\u1ea5t.+<\/p>\n<\/div>\n","protected":false},"featured_media":1228,"comment_status":"open","ping_status":"closed","template":"","meta":[],"product_brand":[],"product_cat":[48],"product_tag":[],"class_list":{"0":"post-1227","1":"product","2":"type-product","3":"status-publish","4":"has-post-thumbnail","6":"product_cat-ghe-an","8":"first","9":"instock","10":"shipping-taxable","11":"purchasable","12":"product-type-variable","13":"has-default-attributes"},"_links":{"self":[{"href":"https:\/\/sofavina.com\/en\/wp-json\/wp\/v2\/product\/1227","targetHints":{"allow":["GET"]}}],"collection":[{"href":"https:\/\/sofavina.com\/en\/wp-json\/wp\/v2\/product"}],"about":[{"href":"https:\/\/sofavina.com\/en\/wp-json\/wp\/v2\/types\/product"}],"replies":[{"embeddable":true,"href":"https:\/\/sofavina.com\/en\/wp-json\/wp\/v2\/comments?post=1227"}],"wp:featuredmedia":[{"embeddable":true,"href":"https:\/\/sofavina.com\/en\/wp-json\/wp\/v2\/media\/1228"}],"wp:attachment":[{"href":"https:\/\/sofavina.com\/en\/wp-json\/wp\/v2\/media?parent=1227"}],"wp:term":[{"taxonomy":"product_brand","embeddable":true,"href":"https:\/\/sofavina.com\/en\/wp-json\/wp\/v2\/product_brand?post=1227"},{"taxonomy":"product_cat","embeddable":true,"href":"https:\/\/sofavina.com\/en\/wp-json\/wp\/v2\/product_cat?post=1227"},{"taxonomy":"product_tag","embeddable":true,"href":"https:\/\/sofavina.com\/en\/wp-json\/wp\/v2\/product_tag?post=1227"}],"curies":[{"name":"wp","href":"https:\/\/api.w.org\/{rel}","templated":true}]}}