{"id":411,"date":"2025-10-18T17:02:16","date_gmt":"2025-10-18T10:02:16","guid":{"rendered":"https:\/\/sofavinacom414.mbws.vn\/?post_type=product&#038;p=411"},"modified":"2025-10-22T13:23:43","modified_gmt":"2025-10-22T06:23:43","slug":"ban-ben-louane","status":"publish","type":"product","link":"https:\/\/sofavina.com\/en\/san-pham\/ban-ben-louane","title":{"rendered":"B\u00e0n b\u00ean Louane"},"content":{"rendered":"<h3>B\u00e0n b\u00ean Lounane<\/h3>\n<p>B\u1ea1n \u0111ang t\u00ecm ki\u1ebfm &#8220;b\u1ea1n \u0111\u1ed3ng h\u00e0nh&#8221; cho chi\u1ebfc sofa c\u1ee7a m\u00ecnh \u01b0? Kh\u00f4ng c\u1ea7n ph\u1ea3i t\u00ecm \u0111\u00e2u xa n\u1eefa, chi\u1ebfc b\u00e0n g\u00f3c CARINE ch\u1eafc h\u1eb3n s\u1ebd l\u00e0 l\u1ef1a ch\u1ecdn l\u00fd t\u01b0\u1edfng, \u0111\u1ea3m b\u1ea3o ph\u00f9 h\u1ee3p v\u1edbi h\u1ea7u h\u1ebft c\u00e1c kh\u00f4ng gian ph\u00f2ng!<\/p>\n<p>G\u1ed3m 2 k\u1ec7 v\u1edbi k\u00edch c\u1ee1 kh\u00e1c nhau, m\u1ed9t d\u00e0nh cho ly th\u1ee9c u\u1ed1ng \u01b0u th\u00edch c\u1ee7a b\u1ea1n (hay b\u1ea5t k\u00ec g\u00ec b\u1ea1n th\u00edch), v\u00e0 t\u1ea7ng c\u00f2n l\u1ea1i cho s\u00e1ch, t\u1ea1p ch\u00ed, remote tv&#8230; b\u00ean c\u1ea1nh thi\u1ebft k\u1ebf tr\u00f2n tr\u1ecba thanh l\u1ecbch, kh\u00f4ng g\u00ec c\u00f3 th\u1ec3 s\u00e1nh \u0111\u01b0\u1ee3c chi\u1ebfc b\u00e0n g\u00f3c n\u00e0y \u0111\u00e2u!<\/p>\n<p>S\u1ea3n ph\u1ea9m l\u00e0 m\u1ed9t thi\u1ebft k\u1ebf \u0111\u1ed9c quy\u1ec1n c\u1ee7a BAYA.<\/p>\n<p>&#8212;&#8212;&#8212;-<\/p>\n<p>S\u1ea3n ph\u1ea9m B\u00e0n g\u00f3c<br \/>\nB\u1ed9 s\u01b0u t\u1eadp CARINE<br \/>\nK\u00edch c\u1ee1 H50xDia45<br \/>\nM\u00e0u s\u1eafc Light-Wood-Black<br \/>\nCh\u1ea5t li\u1ec7u MDF-Oak-Veneer-Metal<br \/>\nXu\u1ea5t x\u1ee9 Vi\u1ec7t Nam<br \/>\n\u0110\u01a1n v\u1ecb PCS<br \/>\n&#8212;&#8212;&#8212;-<br \/>\n\u0110\u1eb7t s\u1ea3n ph\u1ea9m n\u01a1i kh\u00f4 tho\u00e1ng<br \/>\nKh\u00f4ng k\u00e9o, \u0111\u1ea9y s\u1ea3n ph\u1ea9m tr\u00ean s\u00e0n g\u1ed3 gh\u1ec1<br \/>\nLu\u00f4n lau s\u1ea1ch m\u1ecdi v\u1ebft \u0111\u1ed5, b\u1ea9n v\u1edbi v\u1ea3i m\u1ec1m<br \/>\nKh\u00f4ng s\u1eed d\u1ee5ng v\u1eadt s\u1eafc nh\u1ecdn ch\u00e0 x\u00e1t l\u00ean s\u1ea3n ph\u1ea9m<\/p>\n","protected":false},"excerpt":{"rendered":"<p>G\u1ed3m 2 k\u1ec7 v\u1edbi k\u00edch c\u1ee1 kh\u00e1c nhau, m\u1ed9t d\u00e0nh cho ly th\u1ee9c u\u1ed1ng \u01b0u th\u00edch c\u1ee7a b\u1ea1n (hay b\u1ea5t k\u00ec g\u00ec b\u1ea1n th\u00edch), v\u00e0 t\u1ea7ng c\u00f2n l\u1ea1i cho s\u00e1ch, t\u1ea1p ch\u00ed, remote tv&#8230; b\u00ean c\u1ea1nh thi\u1ebft k\u1ebf tr\u00f2n tr\u1ecba thanh l\u1ecbch, kh\u00f4ng g\u00ec c\u00f3 th\u1ec3 s\u00e1nh \u0111\u01b0\u1ee3c chi\u1ebfc b\u00e0n g\u00f3c n\u00e0y \u0111\u00e2u!<\/p>\n","protected":false},"featured_media":424,"comment_status":"open","ping_status":"closed","template":"","meta":[],"product_brand":[],"product_cat":[15],"product_tag":[],"class_list":{"0":"post-411","1":"product","2":"type-product","3":"status-publish","4":"has-post-thumbnail","6":"product_cat-san-pham-khac","8":"first","9":"instock","10":"shipping-taxable","11":"purchasable","12":"product-type-simple"},"_links":{"self":[{"href":"https:\/\/sofavina.com\/en\/wp-json\/wp\/v2\/product\/411","targetHints":{"allow":["GET"]}}],"collection":[{"href":"https:\/\/sofavina.com\/en\/wp-json\/wp\/v2\/product"}],"about":[{"href":"https:\/\/sofavina.com\/en\/wp-json\/wp\/v2\/types\/product"}],"replies":[{"embeddable":true,"href":"https:\/\/sofavina.com\/en\/wp-json\/wp\/v2\/comments?post=411"}],"wp:featuredmedia":[{"embeddable":true,"href":"https:\/\/sofavina.com\/en\/wp-json\/wp\/v2\/media\/424"}],"wp:attachment":[{"href":"https:\/\/sofavina.com\/en\/wp-json\/wp\/v2\/media?parent=411"}],"wp:term":[{"taxonomy":"product_brand","embeddable":true,"href":"https:\/\/sofavina.com\/en\/wp-json\/wp\/v2\/product_brand?post=411"},{"taxonomy":"product_cat","embeddable":true,"href":"https:\/\/sofavina.com\/en\/wp-json\/wp\/v2\/product_cat?post=411"},{"taxonomy":"product_tag","embeddable":true,"href":"https:\/\/sofavina.com\/en\/wp-json\/wp\/v2\/product_tag?post=411"}],"curies":[{"name":"wp","href":"https:\/\/api.w.org\/{rel}","templated":true}]}}