{"id":412,"date":"2025-10-18T17:02:16","date_gmt":"2025-10-18T10:02:16","guid":{"rendered":"https:\/\/sofavinacom414.mbws.vn\/?post_type=product&#038;p=412"},"modified":"2025-10-22T13:23:44","modified_gmt":"2025-10-22T06:23:44","slug":"ghe-banh-thu-gian-houston","status":"publish","type":"product","link":"https:\/\/sofavina.com\/en\/san-pham\/ghe-banh-thu-gian-houston","title":{"rendered":"Gh\u1ebf B\u00e0nh Th\u01b0 Gi\u00e3n HOUSTON"},"content":{"rendered":"<h3>Gh\u1ebf B\u00e0nh Th\u01b0 Gi\u00e3n HOUSTON<\/h3>\n<p>Gh\u1ebf b\u00e0nh HOUSTON l\u00e0 b\u1ed9 s\u01b0u t\u1eadp c\u1ee7a phong c\u00e1ch hi\u1ec7n \u0111\u1ea1i, t\u1eadp trung v\u00e0o h\u00ecnh d\u00e1ng, \u0111\u01b0\u1eddng n\u00e9t v\u00e0 th\u1ea9m m\u1ef9 s\u1ea1ch s\u1ebd. \u0110\u00e2y l\u00e0 m\u1ed9t s\u1ef1 l\u1ef1a ch\u1ecdn ho\u00e0n h\u1ea3o cho nh\u1eefng ng\u01b0\u1eddi th\u00edch m\u1ed9t s\u1ea3n ph\u1ea9m s\u1ea1ch s\u1ebd v\u00e0 \u0111\u01a1n gi\u1ea3n, nh\u01b0ng c\u0169ng r\u1ea5t d\u1ec5 t\u1ea1o ki\u1ec3u theo c\u00e1c h\u01b0\u1edbng th\u1ea9m m\u1ef9 kh\u00e1c \u0111\u1ec3 c\u00f3 m\u1ed9t c\u00e1i nh\u00ecn c\u00e1 nh\u00e2n h\u01a1n, ho\u00e0n ch\u1ec9nh h\u01a1n, to\u00e0n di\u1ec7n h\u01a1n.<br \/>\n&#8212;&#8212;&#8212;-<br \/>\nS\u1ea3n ph\u1ea9m Gh\u1ebf b\u00e0nh<br \/>\nB\u1ed9 s\u01b0u t\u1eadp HOUSTON<br \/>\nK\u00edch c\u1ee1 L77xW89xH82<br \/>\nM\u00e0u s\u1eafc M\u00e0u x\u00e1m<br \/>\nCh\u1ea5t li\u1ec7u Pine-wood-Plywood-Polyester<br \/>\nXu\u1ea5t x\u1ee9 Vi\u1ec7t Nam<br \/>\n\u0110\u01a1n v\u1ecb PCS<br \/>\n&#8212;&#8212;&#8212;-<br \/>\nQuy tr\u00ecnh b\u1ea3o qu\u1ea3n gh\u1ebf b\u00e0nh nh\u01b0 sau:<\/p>\n<p>1. L\u00e0m s\u1ea1ch gh\u1ebf b\u1eb1ng m\u00e1y h\u00fat b\u1ee5i.<\/p>\n<p>2. Lau gh\u1ebf b\u1eb1ng kh\u0103n \u1ea9m.<\/p>\n<p>3. Lau kh\u00f4 gh\u1ebf b\u1eb1ng kh\u0103n s\u1ea1ch.<\/p>\n","protected":false},"excerpt":{"rendered":"<p>Gh\u1ebf b\u00e0nh HOUSTON l\u00e0 b\u1ed9 s\u01b0u t\u1eadp c\u1ee7a phong c\u00e1ch hi\u1ec7n \u0111\u1ea1i, t\u1eadp trung v\u00e0o h\u00ecnh d\u00e1ng, \u0111\u01b0\u1eddng n\u00e9t v\u00e0 th\u1ea9m m\u1ef9 s\u1ea1ch s\u1ebd. \u0110\u00e2y l\u00e0 m\u1ed9t s\u1ef1 l\u1ef1a ch\u1ecdn ho\u00e0n h\u1ea3o cho nh\u1eefng ng\u01b0\u1eddi th\u00edch m\u1ed9t s\u1ea3n ph\u1ea9m s\u1ea1ch s\u1ebd v\u00e0 \u0111\u01a1n gi\u1ea3n, nh\u01b0ng c\u0169ng r\u1ea5t d\u1ec5 t\u1ea1o ki\u1ec3u theo c\u00e1c h\u01b0\u1edbng th\u1ea9m m\u1ef9 kh\u00e1c \u0111\u1ec3 c\u00f3 m\u1ed9t c\u00e1i nh\u00ecn c\u00e1 nh\u00e2n h\u01a1n, ho\u00e0n ch\u1ec9nh h\u01a1n, to\u00e0n di\u1ec7n h\u01a1n.<\/p>\n","protected":false},"featured_media":427,"comment_status":"open","ping_status":"closed","template":"","meta":[],"product_brand":[],"product_cat":[15],"product_tag":[],"class_list":{"0":"post-412","1":"product","2":"type-product","3":"status-publish","4":"has-post-thumbnail","6":"product_cat-san-pham-khac","8":"first","9":"instock","10":"shipping-taxable","11":"purchasable","12":"product-type-simple"},"_links":{"self":[{"href":"https:\/\/sofavina.com\/en\/wp-json\/wp\/v2\/product\/412","targetHints":{"allow":["GET"]}}],"collection":[{"href":"https:\/\/sofavina.com\/en\/wp-json\/wp\/v2\/product"}],"about":[{"href":"https:\/\/sofavina.com\/en\/wp-json\/wp\/v2\/types\/product"}],"replies":[{"embeddable":true,"href":"https:\/\/sofavina.com\/en\/wp-json\/wp\/v2\/comments?post=412"}],"wp:featuredmedia":[{"embeddable":true,"href":"https:\/\/sofavina.com\/en\/wp-json\/wp\/v2\/media\/427"}],"wp:attachment":[{"href":"https:\/\/sofavina.com\/en\/wp-json\/wp\/v2\/media?parent=412"}],"wp:term":[{"taxonomy":"product_brand","embeddable":true,"href":"https:\/\/sofavina.com\/en\/wp-json\/wp\/v2\/product_brand?post=412"},{"taxonomy":"product_cat","embeddable":true,"href":"https:\/\/sofavina.com\/en\/wp-json\/wp\/v2\/product_cat?post=412"},{"taxonomy":"product_tag","embeddable":true,"href":"https:\/\/sofavina.com\/en\/wp-json\/wp\/v2\/product_tag?post=412"}],"curies":[{"name":"wp","href":"https:\/\/api.w.org\/{rel}","templated":true}]}}