{"id":414,"date":"2025-10-18T17:02:16","date_gmt":"2025-10-18T10:02:16","guid":{"rendered":"https:\/\/sofavinacom414.mbws.vn\/?post_type=product&#038;p=414"},"modified":"2025-10-22T16:01:25","modified_gmt":"2025-10-22T09:01:25","slug":"sofa-vai-velvet-atlanta","status":"publish","type":"product","link":"https:\/\/sofavina.com\/en\/san-pham\/sofa-vai-velvet-atlanta","title":{"rendered":"Sofa V\u1ea3i Velvet ATLANTA"},"content":{"rendered":"<h3>Sofa V\u1ea3i Velvet ATLANTA<\/h3>\n<p>Gh\u1ebf sofa n\u1ec9 m\u00e0u \u0111\u1ecf \u0111un s\u1ebd l\u00e0 \u0111i\u1ec3m nh\u1ea5n khi k\u1ebft h\u1ee3p trong kh\u00f4ng gian n\u1ed9i th\u1ea5t t\u00e2n c\u1ed5 \u0111i\u1ec3n. M\u1ed9t chi\u1ebfc th\u1ea3m l\u00f4ng tr\u1eafng s\u1ebd khi\u1ebfn ph\u00f2ng kh\u00e1ch c\u1ee7a b\u1ea1n sang tr\u1ecdng h\u01a1n nhi\u1ec1u \u0111\u00f3. Ch\u1ea5t li\u1ec7u n\u1ec9 th\u00e2n thi\u1ec7n cho ng\u01b0\u1eddi d\u00f9ng Gh\u1ebf ng\u1ed3i \u00eam, t\u1ea1o c\u1ea3m gi\u00e1c kh\u00f4ng mu\u1ed1n \u0111\u1ee9ng d\u1ea1y m\u1ed9t khi ng\u1ed3i xu\u1ed1ng. Qu\u00fd kh\u00e1ch c\u00f3 th\u1ec3 l\u1ef1a ch\u1ecdn m\u00e0u n\u1ec9 \u0111\u1ec3 ph\u00f9 h\u1ee3p h\u01a1n v\u1edbi kh\u00f4ng gian nh\u00e0 m\u00ecnh theo b\u1ea3ng m\u00e0u Fravia c\u00f3 s\u1eb5n. Li\u00ean h\u1ec7 ch\u00fang t\u00f4i \u0111\u1ec3 \u0111\u01b0\u1ee3c t\u01b0 v\u1ea5n c\u00e1c s\u1ea3n ph\u1ea9m ph\u00f9 h\u1ee3p.<br \/>\n&#8212;&#8212;&#8212;-<br \/>\nS\u1ea3n ph\u1ea9m Gh\u1ebf b\u00e0nh ngo\u00e0i tr\u1eddi<br \/>\nB\u1ed9 s\u01b0u t\u1eadp ATLANTA<br \/>\nK\u00edch c\u1ee1 L71xW67xH65<br \/>\nM\u00e0u s\u1eafc Matte-gray<br \/>\nCh\u1ea5t li\u1ec7u Nh\u00f4m<br \/>\nXu\u1ea5t x\u1ee9 Vi\u1ec7t Nam<br \/>\n\u0110\u01a1n v\u1ecb PCS<br \/>\n&#8212;&#8212;&#8212;-<br \/>\nQuy tr\u00ecnh b\u1ea3o qu\u1ea3n gh\u1ebf b\u00e0nh nh\u01b0 sau:<\/p>\n<p>1. L\u00e0m s\u1ea1ch gh\u1ebf b\u1eb1ng m\u00e1y h\u00fat b\u1ee5i.<\/p>\n<p>2. Lau gh\u1ebf b\u1eb1ng kh\u0103n \u1ea9m.<\/p>\n<p>3. Lau kh\u00f4 gh\u1ebf b\u1eb1ng kh\u0103n s\u1ea1ch.<\/p>\n","protected":false},"excerpt":{"rendered":"<p>Gh\u1ebf sofa n\u1ec9 m\u00e0u \u0111\u1ecf \u0111un s\u1ebd l\u00e0 \u0111i\u1ec3m nh\u1ea5n khi k\u1ebft h\u1ee3p trong kh\u00f4ng gian n\u1ed9i th\u1ea5t t\u00e2n c\u1ed5 \u0111i\u1ec3n. M\u1ed9t chi\u1ebfc th\u1ea3m l\u00f4ng tr\u1eafng s\u1ebd khi\u1ebfn ph\u00f2ng kh\u00e1ch c\u1ee7a b\u1ea1n sang tr\u1ecdng h\u01a1n nhi\u1ec1u \u0111\u00f3. Ch\u1ea5t li\u1ec7u n\u1ec9 th\u00e2n thi\u1ec7n cho ng\u01b0\u1eddi d\u00f9ng Gh\u1ebf ng\u1ed3i \u00eam, t\u1ea1o c\u1ea3m gi\u00e1c kh\u00f4ng mu\u1ed1n \u0111\u1ee9ng d\u1ea1y m\u1ed9t khi ng\u1ed3i xu\u1ed1ng. Qu\u00fd kh\u00e1ch c\u00f3 th\u1ec3 l\u1ef1a ch\u1ecdn m\u00e0u n\u1ec9 \u0111\u1ec3 ph\u00f9 h\u1ee3p h\u01a1n v\u1edbi kh\u00f4ng gian nh\u00e0 m\u00ecnh theo b\u1ea3ng m\u00e0u Fravia c\u00f3 s\u1eb5n. Li\u00ean h\u1ec7 ch\u00fang t\u00f4i \u0111\u1ec3 \u0111\u01b0\u1ee3c t\u01b0 v\u1ea5n c\u00e1c s\u1ea3n ph\u1ea9m ph\u00f9 h\u1ee3p.<\/p>\n","protected":false},"featured_media":431,"comment_status":"open","ping_status":"closed","template":"","meta":[],"product_brand":[],"product_cat":[15],"product_tag":[],"class_list":{"0":"post-414","1":"product","2":"type-product","3":"status-publish","4":"has-post-thumbnail","6":"product_cat-san-pham-khac","8":"first","9":"instock","10":"shipping-taxable","11":"purchasable","12":"product-type-simple"},"_links":{"self":[{"href":"https:\/\/sofavina.com\/en\/wp-json\/wp\/v2\/product\/414","targetHints":{"allow":["GET"]}}],"collection":[{"href":"https:\/\/sofavina.com\/en\/wp-json\/wp\/v2\/product"}],"about":[{"href":"https:\/\/sofavina.com\/en\/wp-json\/wp\/v2\/types\/product"}],"replies":[{"embeddable":true,"href":"https:\/\/sofavina.com\/en\/wp-json\/wp\/v2\/comments?post=414"}],"wp:featuredmedia":[{"embeddable":true,"href":"https:\/\/sofavina.com\/en\/wp-json\/wp\/v2\/media\/431"}],"wp:attachment":[{"href":"https:\/\/sofavina.com\/en\/wp-json\/wp\/v2\/media?parent=414"}],"wp:term":[{"taxonomy":"product_brand","embeddable":true,"href":"https:\/\/sofavina.com\/en\/wp-json\/wp\/v2\/product_brand?post=414"},{"taxonomy":"product_cat","embeddable":true,"href":"https:\/\/sofavina.com\/en\/wp-json\/wp\/v2\/product_cat?post=414"},{"taxonomy":"product_tag","embeddable":true,"href":"https:\/\/sofavina.com\/en\/wp-json\/wp\/v2\/product_tag?post=414"}],"curies":[{"name":"wp","href":"https:\/\/api.w.org\/{rel}","templated":true}]}}