{"id":415,"date":"2025-10-18T17:02:16","date_gmt":"2025-10-18T10:02:16","guid":{"rendered":"https:\/\/sofavinacom414.mbws.vn\/?post_type=product&#038;p=415"},"modified":"2025-10-22T13:23:44","modified_gmt":"2025-10-22T06:23:44","slug":"ghe-banh-viking-freja","status":"publish","type":"product","link":"https:\/\/sofavina.com\/en\/san-pham\/ghe-banh-viking-freja","title":{"rendered":"Gh\u1ebf B\u00e0nh VIKING-FREJA"},"content":{"rendered":"<h3>Gh\u1ebf B\u00e0nh VIKING-FREJA<\/h3>\n<p>Gh\u1ebf th\u01b0 gi\u00e3n Viking &#8211; S\u1ef1 K\u1ebft H\u1ee3p Ho\u00e0n H\u1ea3o Gi\u1eefa Thi\u1ebft K\u1ebf v\u00e0 S\u1ef1 Tho\u1ea3i M\u00e1i<\/p>\n<p>Gh\u1ebf Viking l\u00e0 m\u1ed9t trong nh\u1eefng s\u1ea3n ph\u1ea9m n\u1ed5i ti\u1ebfng v\u00e0 ph\u1ed5 bi\u1ebfn nh\u1ea5t c\u1ee7a Baya, th\u01b0\u01a1ng hi\u1ec7u n\u1ed9i th\u1ea5t n\u1ed5i ti\u1ebfng nhi\u1ec1u n\u0103m t\u1ea1i Vi\u1ec7t Nam. V\u1edbi thi\u1ebft k\u1ebf \u0111\u01a1n gi\u1ea3n v\u00e0 tinh t\u1ebf, gh\u1ebf Viking \u0111\u00e3 tr\u1edf th\u00e0nh bi\u1ec3u t\u01b0\u1ee3ng c\u1ee7a s\u1ef1 tho\u1ea3i m\u00e1i v\u00e0 s\u1ef1 k\u1ebft h\u1ee3p ho\u00e0n h\u1ea3o gi\u1eefa th\u1ea9m m\u1ef9 v\u00e0 t\u00ednh ch\u1ea5t th\u1ef1c ti\u1ec5n.<\/p>\n<p>Thi\u1ebft k\u1ebf \u0111\u1ed9c \u0111\u00e1o:<\/p>\n<p>Gh\u1ebf Viking n\u1ed5i b\u1eadt v\u1edbi m\u1ed9t khung gh\u1ebf b\u1eb1ng g\u1ed7 plywood cong, t\u1ea1o n\u00ean m\u1ed9t d\u00e1ng v\u1ebb \u0111\u1ed9c \u0111\u00e1o v\u00e0 hi\u1ec7n \u0111\u1ea1i, cho ph\u00e9p n\u00f3 ph\u00f9 h\u1ee3p v\u1edbi nhi\u1ec1u lo\u1ea1i n\u1ed9i th\u1ea5t v\u00e0 kh\u00f4ng gian kh\u00e1c nhau. Gh\u1ebf Viking c\u00f2n c\u00f3 th\u1ec3 ph\u1ed1i v\u1edbi m\u1ed9t ho\u1eb7c hai chi\u1ebfc \u0111\u1ec7m gh\u1ebf v\u00e0 m\u1ed9t \u0111\u1ec7m t\u1ef1a l\u01b0ng, t\u1ea1o ra s\u1ef1 tho\u1ea3i m\u00e1i v\u01b0\u1ee3t tr\u1ed9i cho ng\u01b0\u1eddi s\u1eed d\u1ee5ng.<\/p>\n<p>T\u00ednh tho\u1ea3i m\u00e1i v\u00e0 h\u1ed7 tr\u1ee3:<\/p>\n<p>M\u1ed9t trong nh\u1eefng \u0111i\u1ec3m m\u1ea1nh c\u1ee7a gh\u1ebf Viking ch\u00ednh l\u00e0 t\u00ednh tho\u1ea3i m\u00e1i. \u0110\u1ec7m gh\u1ebf v\u00e0 \u0111\u1ec7m t\u1ef1a l\u01b0ng \u0111\u01b0\u1ee3c thi\u1ebft k\u1ebf \u0111\u1ec3 \u0111\u00e1p \u1ee9ng t\u1ed1i \u0111a nhu c\u1ea7u v\u1ec1 h\u1ed7 tr\u1ee3 v\u00e0 s\u1ef1 tho\u1ea3i m\u00e1i c\u1ee7a ng\u01b0\u1eddi s\u1eed d\u1ee5ng. Ch\u1ea5t li\u1ec7u v\u1ea3i \u0111\u01b0\u1ee3c s\u1eed d\u1ee5ng cho c\u00e1c \u0111\u1ec7m n\u00e0y c\u00f3 \u0111\u1ed9 b\u1ec1n cao v\u00e0 d\u1ec5 d\u00e0ng th\u00e1o r\u1eddi \u0111\u1ec3 v\u1ec7 sinh, gi\u00fap gh\u1ebf Viking lu\u00f4n gi\u1eef \u0111\u01b0\u1ee3c v\u1ebb m\u1edbi m\u1ebb v\u00e0 s\u1ea1ch s\u1ebd.<\/p>\n<p>S\u1ef1 linh ho\u1ea1t trong s\u1eed d\u1ee5ng:<\/p>\n<p>Gh\u1ebf Viking kh\u00f4ng ch\u1ec9 d\u00e0nh cho vi\u1ec7c ng\u1ed3i \u0111\u1ecdc s\u00e1ch ho\u1eb7c th\u01b0 gi\u00e3n, m\u00e0 c\u00f2n c\u00f3 th\u1ec3 \u0111\u01b0\u1ee3c s\u1eed d\u1ee5ng trong nhi\u1ec1u t\u00ecnh hu\u1ed1ng kh\u00e1c nhau. T\u1eeb vi\u1ec7c l\u00e0m gh\u1ebf \u0111\u1ecdc s\u00e1ch \u01b0a th\u00edch t\u1ea1i g\u00f3c ph\u00f2ng, cho \u0111\u1ebfn gh\u1ebf th\u01b0 gi\u00e3n trong ph\u00f2ng kh\u00e1ch ho\u1eb7c th\u1eadm ch\u00ed l\u00e0 gh\u1ebf l\u00e0m vi\u1ec7c trong ph\u00f2ng l\u00e0m vi\u1ec7c c\u00e1 nh\u00e2n, gh\u1ebf Viking lu\u00f4n s\u1eb5n s\u00e0ng ph\u1ee5c v\u1ee5.<\/p>\n<p>S\u1ef1 b\u1ec1n b\u1ec9 v\u00e0 \u0111\u00e1ng gi\u00e1 ti\u1ec1n:<\/p>\n<p>M\u1ed9t trong nh\u1eefng l\u1ee3i \u00edch l\u1edbn c\u1ee7a vi\u1ec7c mua gh\u1ebf Viking l\u00e0 s\u1ef1 b\u1ec1n b\u1ec9 c\u1ee7a n\u00f3. S\u1ea3n ph\u1ea9m \u0111\u01b0\u1ee3c l\u00e0m t\u1eeb c\u00e1c v\u1eadt li\u1ec7u ch\u1ea5t l\u01b0\u1ee3ng cao v\u00e0 thi\u1ebft k\u1ebf \u0111\u00e1ng tin c\u1eady, \u0111\u1ea3m b\u1ea3o r\u1eb1ng b\u1ea1n s\u1ebd c\u00f3 m\u1ed9t chi\u1ebfc gh\u1ebf ph\u1ee5c v\u1ee5 b\u1ea1n trong nhi\u1ec1u n\u0103m t\u1edbi. V\u1edbi gi\u00e1 c\u1ea3 h\u1ee3p l\u00fd, gh\u1ebf Viking \u0111em l\u1ea1i gi\u00e1 tr\u1ecb \u0111\u00e1ng kinh ng\u1ea1c cho ti\u1ec1n b\u1ea1n b\u1ecf ra.<\/p>\n<p>&#8212;&#8212;&#8212;-<\/p>\n<p>S\u1ea3n ph\u1ea9m Gh\u1ebf b\u00e0nh<br \/>\nB\u1ed9 s\u01b0u t\u1eadp VIKING-FREJA<br \/>\nK\u00edch c\u1ee1 D80xW67xH99<br \/>\nM\u00e0u s\u1eafc M\u00e0u cam<br \/>\nCh\u1ea5t li\u1ec7u G\u1ed7 b\u1ea1ch d\u01b0\u01a1ng \u00e9p<br \/>\nXu\u1ea5t x\u1ee9 Trung Qu\u1ed1c<br \/>\n\u0110\u01a1n v\u1ecb PCS<\/p>\n","protected":false},"excerpt":{"rendered":"<p>Gh\u1ebf Viking l\u00e0 m\u1ed9t trong nh\u1eefng s\u1ea3n ph\u1ea9m n\u1ed5i ti\u1ebfng v\u00e0 ph\u1ed5 bi\u1ebfn nh\u1ea5t c\u1ee7a Baya, th\u01b0\u01a1ng hi\u1ec7u n\u1ed9i th\u1ea5t n\u1ed5i ti\u1ebfng nhi\u1ec1u n\u0103m t\u1ea1i Vi\u1ec7t Nam. V\u1edbi thi\u1ebft k\u1ebf \u0111\u01a1n gi\u1ea3n v\u00e0 tinh t\u1ebf, gh\u1ebf Viking \u0111\u00e3 tr\u1edf th\u00e0nh bi\u1ec3u t\u01b0\u1ee3ng c\u1ee7a s\u1ef1 tho\u1ea3i m\u00e1i v\u00e0 s\u1ef1 k\u1ebft h\u1ee3p ho\u00e0n h\u1ea3o gi\u1eefa th\u1ea9m m\u1ef9 v\u00e0 t\u00ednh ch\u1ea5t th\u1ef1c ti\u1ec5n.<\/p>\n","protected":false},"featured_media":434,"comment_status":"open","ping_status":"closed","template":"","meta":[],"product_brand":[],"product_cat":[15],"product_tag":[],"class_list":{"0":"post-415","1":"product","2":"type-product","3":"status-publish","4":"has-post-thumbnail","6":"product_cat-san-pham-khac","8":"first","9":"instock","10":"sale","11":"shipping-taxable","12":"purchasable","13":"product-type-simple"},"_links":{"self":[{"href":"https:\/\/sofavina.com\/en\/wp-json\/wp\/v2\/product\/415","targetHints":{"allow":["GET"]}}],"collection":[{"href":"https:\/\/sofavina.com\/en\/wp-json\/wp\/v2\/product"}],"about":[{"href":"https:\/\/sofavina.com\/en\/wp-json\/wp\/v2\/types\/product"}],"replies":[{"embeddable":true,"href":"https:\/\/sofavina.com\/en\/wp-json\/wp\/v2\/comments?post=415"}],"wp:featuredmedia":[{"embeddable":true,"href":"https:\/\/sofavina.com\/en\/wp-json\/wp\/v2\/media\/434"}],"wp:attachment":[{"href":"https:\/\/sofavina.com\/en\/wp-json\/wp\/v2\/media?parent=415"}],"wp:term":[{"taxonomy":"product_brand","embeddable":true,"href":"https:\/\/sofavina.com\/en\/wp-json\/wp\/v2\/product_brand?post=415"},{"taxonomy":"product_cat","embeddable":true,"href":"https:\/\/sofavina.com\/en\/wp-json\/wp\/v2\/product_cat?post=415"},{"taxonomy":"product_tag","embeddable":true,"href":"https:\/\/sofavina.com\/en\/wp-json\/wp\/v2\/product_tag?post=415"}],"curies":[{"name":"wp","href":"https:\/\/api.w.org\/{rel}","templated":true}]}}