{"id":416,"date":"2025-10-18T17:02:16","date_gmt":"2025-10-18T10:02:16","guid":{"rendered":"https:\/\/sofavinacom414.mbws.vn\/?post_type=product&#038;p=416"},"modified":"2025-10-22T13:23:44","modified_gmt":"2025-10-22T06:23:44","slug":"ghe-bap-benh-viking-tor","status":"publish","type":"product","link":"https:\/\/sofavina.com\/en\/san-pham\/ghe-bap-benh-viking-tor","title":{"rendered":"Gh\u1ebf B\u1eadp B\u00eanh VIKING-TOR"},"content":{"rendered":"<h3>Gh\u1ebf B\u1eadp B\u00eanh VIKING-TOR<\/h3>\n<p>Chi\u1ebfc gh\u1ebf b\u00e0nh VIKING TOR mang thi\u1ebft k\u1ebf t\u1ea1o s\u1ef1 tho\u1ea3i m\u00e1i cho ng\u01b0\u1eddi ng\u1ed3i v\u1edbi khung g\u1ed7 b\u1ea1ch d\u01b0\u01a1ng ch\u1eafc ch\u1eafn v\u00e0 \u0111\u1ec7m ng\u1ed3i \u00eam \u00e1i. V\u1ecf b\u1ecdc \u0111\u1ec7m ng\u1ed3i \u0111i k\u00e8m d\u00e2y k\u00e9o n\u00ean b\u1ea1n c\u00f3 th\u1ec3 th\u00e1o ra \u0111\u1ec3 l\u00e0m v\u1ec7 sinh. \u0110\u1ec7m ng\u1ed3i c\u00f3 nhi\u1ec1u m\u00e0u s\u1eafc \u0111\u1ec3 b\u1ea1n l\u1ef1a ch\u1ecdn.<br \/>\n&#8212;&#8212;&#8212;-<br \/>\nS\u1ea3n ph\u1ea9m Gh\u1ebf b\u1eadp b\u00eanh<br \/>\nB\u1ed9 s\u01b0u t\u1eadp VIKING-TOR<br \/>\nK\u00edch c\u1ee1 D50xW61xH80<br \/>\nM\u00e0u s\u1eafc M\u00e0u xanh d\u01b0\u01a1ng<br \/>\nCh\u1ea5t li\u1ec7u G\u1ed7 b\u1ea1ch d\u01b0\u01a1ng \u00e9p<br \/>\nXu\u1ea5t x\u1ee9 Trung Qu\u1ed1c<br \/>\n\u0110\u01a1n v\u1ecb PCS<br \/>\n&#8212;&#8212;&#8212;-<br \/>\n&#8211; L\u00e0m s\u1ea1ch s\u1ea3n ph\u1ea9m b\u1eb1ng kh\u0103n m\u1ec1m v\u1edbi n\u01b0\u1edbc s\u1ea1ch ho\u1eb7c dung d\u1ecbch t\u1ea9y r\u1eeda d\u00e0nh ri\u00eang cho g\u1ed7, sau \u0111\u00f3 lau kh\u00f4 s\u1ea3n ph\u1ea9m b\u1eb1ng kh\u0103n m\u1ec1m.<\/p>\n<p>&#8211; Th\u01b0\u1eddng xuy\u00ean gi\u1eb7t ph\u1ea7n \u0111\u1ec7m ng\u1ed3i b\u1eb1ng dung d\u1ecbch gi\u1eb7t t\u1ea9y th\u00f4ng th\u01b0\u1eddng \u0111\u1ec3 \u0111\u1ea3m b\u1ea3o v\u1ec7 sinh.<\/p>\n<p>&#8211; \u0110\u1eb7t s\u1ea3n ph\u1ea9m t\u1ea1i n\u01a1i kh\u00f4 tho\u00e1ng, tr\u00e1nh \u0111\u1ed9 \u1ea9m cao, tr\u00e1nh nhi\u1ec7t \u0111\u1ed9 cao, ngu\u1ed3n s\u00e1ng m\u1ea1nh v\u00e0 c\u00e1c v\u1eadt d\u1ec5 ch\u00e1y.<\/p>\n<p>&#8211; Tr\u00e1nh \u0111\u1ec3 s\u1ea3n ph\u1ea9m ti\u1ebfp x\u00fac v\u1edbi n\u01b0\u1edbc v\u00e0 nhi\u1ec7t \u0111\u1ed9 cao trong th\u1eddi gian d\u00e0i.<\/p>\n<p>&#8211; Kh\u00f4ng d\u00f9ng v\u1eadt s\u1eafc nh\u1ecdn ch\u00e0 x\u00e1t s\u1ea3n ph\u1ea9m.<\/p>\n","protected":false},"excerpt":{"rendered":"<p>Chi\u1ebfc gh\u1ebf b\u00e0nh VIKING TOR mang thi\u1ebft k\u1ebf t\u1ea1o s\u1ef1 tho\u1ea3i m\u00e1i cho ng\u01b0\u1eddi ng\u1ed3i v\u1edbi khung g\u1ed7 b\u1ea1ch d\u01b0\u01a1ng ch\u1eafc ch\u1eafn v\u00e0 \u0111\u1ec7m ng\u1ed3i \u00eam \u00e1i. V\u1ecf b\u1ecdc \u0111\u1ec7m ng\u1ed3i \u0111i k\u00e8m d\u00e2y k\u00e9o n\u00ean b\u1ea1n c\u00f3 th\u1ec3 th\u00e1o ra \u0111\u1ec3 l\u00e0m v\u1ec7 sinh. \u0110\u1ec7m ng\u1ed3i c\u00f3 nhi\u1ec1u m\u00e0u s\u1eafc \u0111\u1ec3 b\u1ea1n l\u1ef1a ch\u1ecdn.<\/p>\n","protected":false},"featured_media":435,"comment_status":"open","ping_status":"closed","template":"","meta":[],"product_brand":[],"product_cat":[15],"product_tag":[],"class_list":{"0":"post-416","1":"product","2":"type-product","3":"status-publish","4":"has-post-thumbnail","6":"product_cat-san-pham-khac","8":"first","9":"instock","10":"sale","11":"shipping-taxable","12":"purchasable","13":"product-type-simple"},"_links":{"self":[{"href":"https:\/\/sofavina.com\/en\/wp-json\/wp\/v2\/product\/416","targetHints":{"allow":["GET"]}}],"collection":[{"href":"https:\/\/sofavina.com\/en\/wp-json\/wp\/v2\/product"}],"about":[{"href":"https:\/\/sofavina.com\/en\/wp-json\/wp\/v2\/types\/product"}],"replies":[{"embeddable":true,"href":"https:\/\/sofavina.com\/en\/wp-json\/wp\/v2\/comments?post=416"}],"wp:featuredmedia":[{"embeddable":true,"href":"https:\/\/sofavina.com\/en\/wp-json\/wp\/v2\/media\/435"}],"wp:attachment":[{"href":"https:\/\/sofavina.com\/en\/wp-json\/wp\/v2\/media?parent=416"}],"wp:term":[{"taxonomy":"product_brand","embeddable":true,"href":"https:\/\/sofavina.com\/en\/wp-json\/wp\/v2\/product_brand?post=416"},{"taxonomy":"product_cat","embeddable":true,"href":"https:\/\/sofavina.com\/en\/wp-json\/wp\/v2\/product_cat?post=416"},{"taxonomy":"product_tag","embeddable":true,"href":"https:\/\/sofavina.com\/en\/wp-json\/wp\/v2\/product_tag?post=416"}],"curies":[{"name":"wp","href":"https:\/\/api.w.org\/{rel}","templated":true}]}}