{"id":417,"date":"2025-10-18T17:02:17","date_gmt":"2025-10-18T10:02:17","guid":{"rendered":"https:\/\/sofavinacom414.mbws.vn\/?post_type=product&#038;p=417"},"modified":"2025-10-22T13:23:43","modified_gmt":"2025-10-22T06:23:43","slug":"dong-ho-bao-thuc-kim-loai-dong-tupp","status":"publish","type":"product","link":"https:\/\/sofavina.com\/en\/san-pham\/dong-ho-bao-thuc-kim-loai-dong-tupp","title":{"rendered":"\u0110\u1ed3ng H\u1ed3 B\u00e1o Th\u1ee9c Kim Lo\u1ea1i \u0110\u1ed3ng TUPP"},"content":{"rendered":"<h3>\u0110\u1ed3ng H\u1ed3 B\u00e1o Th\u1ee9c Kim Lo\u1ea1i \u0110\u1ed3ng TUPP<\/h3>\n<p class=\"content1\">\u0110\u1ed3ng h\u1ed3 b\u00e1o th\u1ee9c TUPP \u0111\u1ed9c \u0111\u00e1o v\u1edbi thi\u1ebft k\u1ebf mang phong c\u00e1ch retro hi\u1ec7n \u0111\u1ea1i v\u00e0 \u0111\u1ed9ng c\u01a1 m\u00e1y kim tr\u00f4i \u00eam \u1ea3 kh\u00f4ng g\u00e2y ti\u1ebfng \u0111\u1ed9ng. Ph\u1ea7n khung vi\u1ec1n, ch\u00e2n v\u00e0 chi ti\u1ebft trang tr\u00ed b\u1eb1ng kim lo\u1ea1i ph\u1ee7 s\u01a1n m\u00e0u \u0111\u1ed3ng sang tr\u1ecdng v\u00e0 ch\u1eafc ch\u1eafn. M\u1eb7t \u0111\u1ed3ng h\u1ed3 b\u1eb1ng k\u00ednh, c\u00e1c kim v\u00e0 ch\u1eef s\u1ed1 ch\u1ec9 gi\u1edd d\u1ec5 nh\u00ecn v\u00e0 \u1ea5n t\u01b0\u1ee3ng. S\u1ea3n ph\u1ea9m kh\u00f4ng ch\u1ec9 l\u00e0 d\u1ee5ng c\u1ee5 \u0111\u1ec3 qu\u1ea3n l\u00fd th\u1eddi gian hi\u1ec7u qu\u1ea3 m\u00e0 c\u00f2n l\u00e0 \u0111i\u1ec3m nh\u1ea5n \u0111\u1eb9p m\u1eaft cho c\u0103n ph\u00f2ng.<br \/>\n&#8212;&#8212;&#8212;-<\/p>\n<p>S\u1ea3n ph\u1ea9m \u0110\u1ed3ng h\u1ed3 b\u00e1o th\u1ee9c<br \/>\nB\u1ed9 s\u01b0u t\u1eadp TUPP<br \/>\nK\u00edch c\u1ee1 Dia12<br \/>\nM\u00e0u s\u1eafc \u0110\u1ed3ng<br \/>\nCh\u1ea5t li\u1ec7u Kim lo\u1ea1i<br \/>\nXu\u1ea5t x\u1ee9 Trung Qu\u1ed1c<br \/>\nKi\u1ec3u d\u00e1ng Contemporary-Scandinavian<br \/>\n\u0110\u01a1n v\u1ecb PCS<br \/>\n&#8212;&#8212;&#8212;-<br \/>\n\u2022 V\u1ec7 sinh s\u1ea3n ph\u1ea9m b\u1eb1ng ch\u1ed5i lau b\u1ee5i. \u0110\u1eb7t s\u1ea3n ph\u1ea9m \u1edf n\u01a1i kh\u00f4 tho\u00e1ng, tr\u00e1nh nhi\u1ec7t \u0111\u1ed9 cao.<br \/>\n\u2022 Xoay n\u00fam v\u1eb7n theo chi\u1ec1u kim \u0111\u1ed3ng h\u1ed3 \u0111\u1ec3 ch\u1ec9nh gi\u1edd, kh\u00f4ng ch\u1ea1m tr\u1ef1c ti\u1ebfp v\u00e0o kim tr\u00e1nh g\u00e2y h\u01b0 h\u1ea1i c\u01a1 ch\u1ebf v\u1eadn h\u00e0nh c\u1ee7a \u0111\u1ed3ng h\u1ed3.<\/p>\n","protected":false},"excerpt":{"rendered":"<p>\u0110\u1ed3ng h\u1ed3 b\u00e1o th\u1ee9c TUPP \u0111\u1ed9c \u0111\u00e1o v\u1edbi thi\u1ebft k\u1ebf mang phong c\u00e1ch retro hi\u1ec7n \u0111\u1ea1i v\u00e0 \u0111\u1ed9ng c\u01a1 m\u00e1y kim tr\u00f4i \u00eam \u1ea3 kh\u00f4ng g\u00e2y ti\u1ebfng \u0111\u1ed9ng. Ph\u1ea7n khung vi\u1ec1n, ch\u00e2n v\u00e0 chi ti\u1ebft trang tr\u00ed b\u1eb1ng kim lo\u1ea1i ph\u1ee7 s\u01a1n m\u00e0u \u0111\u1ed3ng sang tr\u1ecdng v\u00e0 ch\u1eafc ch\u1eafn. M\u1eb7t \u0111\u1ed3ng h\u1ed3 b\u1eb1ng k\u00ednh, c\u00e1c kim v\u00e0 ch\u1eef s\u1ed1 ch\u1ec9 gi\u1edd d\u1ec5 nh\u00ecn v\u00e0 \u1ea5n t\u01b0\u1ee3ng. S\u1ea3n ph\u1ea9m kh\u00f4ng ch\u1ec9 l\u00e0 d\u1ee5ng c\u1ee5 \u0111\u1ec3 qu\u1ea3n l\u00fd th\u1eddi gian hi\u1ec7u qu\u1ea3 m\u00e0 c\u00f2n l\u00e0 \u0111i\u1ec3m nh\u1ea5n \u0111\u1eb9p m\u1eaft cho c\u0103n ph\u00f2ng.<\/p>\n","protected":false},"featured_media":436,"comment_status":"open","ping_status":"closed","template":"","meta":[],"product_brand":[],"product_cat":[15],"product_tag":[],"class_list":{"0":"post-417","1":"product","2":"type-product","3":"status-publish","4":"has-post-thumbnail","6":"product_cat-san-pham-khac","8":"first","9":"instock","10":"shipping-taxable","11":"purchasable","12":"product-type-simple"},"_links":{"self":[{"href":"https:\/\/sofavina.com\/en\/wp-json\/wp\/v2\/product\/417","targetHints":{"allow":["GET"]}}],"collection":[{"href":"https:\/\/sofavina.com\/en\/wp-json\/wp\/v2\/product"}],"about":[{"href":"https:\/\/sofavina.com\/en\/wp-json\/wp\/v2\/types\/product"}],"replies":[{"embeddable":true,"href":"https:\/\/sofavina.com\/en\/wp-json\/wp\/v2\/comments?post=417"}],"wp:featuredmedia":[{"embeddable":true,"href":"https:\/\/sofavina.com\/en\/wp-json\/wp\/v2\/media\/436"}],"wp:attachment":[{"href":"https:\/\/sofavina.com\/en\/wp-json\/wp\/v2\/media?parent=417"}],"wp:term":[{"taxonomy":"product_brand","embeddable":true,"href":"https:\/\/sofavina.com\/en\/wp-json\/wp\/v2\/product_brand?post=417"},{"taxonomy":"product_cat","embeddable":true,"href":"https:\/\/sofavina.com\/en\/wp-json\/wp\/v2\/product_cat?post=417"},{"taxonomy":"product_tag","embeddable":true,"href":"https:\/\/sofavina.com\/en\/wp-json\/wp\/v2\/product_tag?post=417"}],"curies":[{"name":"wp","href":"https:\/\/api.w.org\/{rel}","templated":true}]}}