{"id":419,"date":"2025-10-18T17:02:17","date_gmt":"2025-10-18T10:02:17","guid":{"rendered":"https:\/\/sofavinacom414.mbws.vn\/?post_type=product&#038;p=419"},"modified":"2025-10-22T13:23:43","modified_gmt":"2025-10-22T06:23:43","slug":"ghe-an-go-cao-su-boc-vai-princeton","status":"publish","type":"product","link":"https:\/\/sofavina.com\/en\/san-pham\/ghe-an-go-cao-su-boc-vai-princeton","title":{"rendered":"Gh\u1ebf \u0102n G\u1ed7 Cao Su B\u1ecdc V\u1ea3i PRINCETON"},"content":{"rendered":"<h3>Gh\u1ebf \u0102n G\u1ed7 Cao Su B\u1ecdc V\u1ea3i PRINCETON<\/h3>\n<p>M\u1eabu gh\u1ebf \u0103n PRINCETON g\u00e2y \u1ea5n t\u01b0\u1ee3ng ngay t\u1eeb l\u1ea7n \u0111\u1ea7u ti\u00ean b\u1edfi v\u1ebb \u0111\u1eb9p sang tr\u1ecdng, tinh t\u1ebf, mang \u0111\u1eadm h\u01a1i th\u1edf \u00c1 Ch\u00e2u. D\u00f9 b\u1ea1n l\u00e0 ng\u01b0\u1eddi y\u00eau th\u00edch phong c\u00e1ch c\u1ed5 \u0111i\u1ec3n hay hi\u1ec7n \u0111\u1ea1i, th\u00ec s\u1ea3n ph\u1ea9m gh\u1ebf \u0103n PRINCETON c\u0169ng l\u00e0 s\u1ef1 l\u1ef1a ch\u1ecdn ph\u00f9 h\u1ee3p nh\u1ea5t.<\/p>\n<p>Thi\u1ebft k\u1ebf: Gh\u1ebf PRINCETON c\u00f3 ph\u1ea7n ch\u00e2n l\u00e0m t\u1eeb g\u1ed7 cao su c\u00f3 \u0111\u01b0\u1eddng n\u00e9t vu\u00f4ng v\u1ee9c, t\u1ea1o c\u1ea3m gi\u00e1c v\u1eefng ch\u00e3i, ch\u1eafc ch\u1eafn. Ngo\u00e0i ra, s\u1ea3n ph\u1ea9m c\u00f3 khung gh\u1ebf thi\u1ebft k\u1ebf vu\u00f4ng l\u1edbn, c\u00f3 th\u00e0nh \u00f4m s\u00e1t hai b\u00ean v\u1eeba tho\u1ea3i m\u00e1i trong qu\u00e1 tr\u00ecnh s\u1eed d\u1ee5ng, v\u1eeba l\u00e0m t\u0103ng s\u1ef1 sang tr\u1ecdng.<br \/>\nCh\u1ea5t li\u1ec7u: Ch\u1ea5t li\u1ec7u g\u1ed7 cao su v\u1edbi ph\u1ea7n ch\u00e2n v\u00e0 khung gh\u1ebf v\u00f4 c\u00f9ng d\u1ebbo dai, \u0111\u01b0\u1ee3c m\u00e0i ph\u1eb3ng m\u1ecbn v\u00e0 ph\u1ee7 m\u1ed9t l\u1edbp s\u01a1n n\u00e2u t\u1ef1 nhi\u00ean c\u00e0ng l\u00e0m t\u0103ng \u0111\u1ed9 b\u00f3ng \u0111\u1eb9p. Ngo\u00e0i ra, gh\u1ebf \u0103n PRINCETON c\u00f3 ph\u1ea7n l\u01b0ng t\u1ef1a c\u00f9ng \u0111\u1ec7m ng\u1ed3i \u0111\u01b0\u1ee3c l\u00e0m t\u1eeb v\u1ea3i t\u1ed5ng h\u1ee3p \u00eam \u00e1i, d\u1ec5 ch\u1ecbu, g\u1ee3i n\u00e9t \u0111\u1eb9p hi\u1ec7n \u0111\u1ea1i, \u0111\u01a1n gi\u1ea3n, tinh t\u1ebf.<br \/>\n\u0110\u1ed9 b\u1ec1n: G\u1ed7 cao su l\u00e0 lo\u1ea1i g\u1ed7 b\u1ec1n, d\u1ebbo dai v\u00e0 \u0111\u00e0n h\u1ed3i t\u1ed1t n\u00ean r\u1ea5t h\u1ea1n ch\u1ebf b\u1ecb n\u1ee9t, g\u00e3y. B\u1ec1 m\u1eb7t gh\u1ebf \u0111\u01b0\u1ee3c m\u00e0i t\u1ec9 m\u1ec9 v\u00e0 ph\u1ee7 s\u01a1n n\u00e2u c\u00e0ng l\u00e0m t\u0103ng \u0111\u1ed9 b\u00f3ng v\u00e0 b\u1ec1n cho ch\u00e2n gh\u1ebf, gi\u00fap ch\u00e2n gh\u1ebf h\u1ea1n ch\u1ebf b\u1ecb t\u00e1c \u0111\u1ed9ng b\u1edfi \u0111\u1ed9 \u1ea9m m\u00f4i tr\u01b0\u1eddng theo m\u00f9a trong qu\u00e1 tr\u00ecnh s\u1eed d\u1ee5ng. \u0110\u1ec7m ng\u1ed3i v\u00e0 l\u01b0ng t\u1ef1a b\u1ecdc v\u1ea3i t\u1ed5ng h\u1ee3p h\u1ea1n ch\u1ebf s\u1ef1 bi\u1ebfn \u0111\u1ed5i, h\u01b0 h\u1ea1i khi chuy\u1ec3n m\u00f9a, n\u1ed3m \u1ea9m.<br \/>\nT\u00ednh \u1ee9ng d\u1ee5ng: V\u1edbi thi\u1ebft k\u1ebf mang h\u01a1i th\u1edf \u00c1 Ch\u00e2u \u0111\u01b0\u01a1ng \u0111\u1ea1i, gh\u1ebf \u0103n PRINCETON th\u00edch h\u1ee3p v\u1edbi kh\u00f4ng gian ph\u00f2ng \u0103n r\u1ed9ng, sang tr\u1ecdng.<br \/>\nS\u1ea3n ph\u1ea9m c\u00f3 th\u1ec3 k\u1ebft h\u1ee3p: Gh\u1ebf \u0103n PRINCETON ch\u1ee7 y\u1ebfu c\u00f3 th\u1ec3 k\u1ebft h\u1ee3p v\u1edbi c\u00e1c m\u1eabu b\u00e0n vu\u00f4ng, b\u00e0n ch\u1eef nh\u1eadt, \u0111\u1ec3 l\u00e0m t\u0103ng th\u00eam n\u00e9t sang tr\u1ecdng. Tuy nhi\u00ean b\u1ea1n c\u0169ng c\u00f3 th\u1ec3 k\u1ebft h\u1ee3p m\u1eabu gh\u1ebf n\u00e0y v\u1edbi c\u00e1c lo\u1ea1i b\u00e0n tr\u00f2n, b\u00e0n oval c\u1ee1 l\u1edbn b\u1eb1ng g\u1ed7 n\u1ebfu mu\u1ed1n t\u0103ng t\u00ednh hi\u1ec7n \u0111\u1ea1i.<br \/>\nC\u00f3 th\u1ec3 n\u00f3i, gh\u1ebf \u0103n PRINCETON v\u1edbi thi\u1ebft k\u1ebf sang tr\u1ecdng, qu\u00fd ph\u00e1i l\u00e0 s\u1ef1 l\u1ef1a ch\u1ecdn kh\u00f4ng th\u1ec3 thi\u1ebfu v\u1edbi gia \u0111\u00ecnh theo phong c\u00e1ch c\u1ed5 \u0111i\u1ec3n\/t\u00e2n c\u1ed5 \u0111i\u1ec3n. Ngo\u00e0i ra t\u1ea1i BAYA hi\u1ec7n nay c\u0169ng \u0111ang c\u00f3 r\u1ea5t nhi\u1ec1u c\u00e1c ch\u01b0\u01a1ng tr\u00ecnh khuy\u1ebfn m\u1ea1i h\u1ea5p d\u1eabn \u0111\u1ed1i v\u1edbi b\u1ed9 b\u00e0n \u0103n 4 ch\u00e2n PRINCETON, b\u1ed9 b\u00e0n \u0103n 6 ch\u00e2n PRINCETON&#8230;<\/p>\n<p>&#8212;&#8212;&#8212;-<\/p>\n<p>S\u1ea3n ph\u1ea9m Gh\u1ebf \u0103n<br \/>\nB\u1ed9 s\u01b0u t\u1eadp PRINCETON<br \/>\nK\u00edch c\u1ee1 D61xW51.5xH84<br \/>\nM\u00e0u s\u1eafc M\u00e0u g\u1ed7 \u0111\u1eadm<br \/>\nCh\u1ea5t li\u1ec7u G\u1ed7 cao su \/ V\u1ea3i t\u1ed5ng h\u1ee3p<br \/>\nXu\u1ea5t x\u1ee9 Vi\u1ec7t Nam<br \/>\nKi\u1ec3u d\u00e1ng Contemporary-Asian<br \/>\n\u0110\u01a1n v\u1ecb PCS<br \/>\n&#8212;&#8212;&#8212;-<br \/>\n\u0110\u1ec3 gi\u00fap s\u1ea3n ph\u1ea9m gh\u1ebf \u0103n PRINCETON th\u00eam b\u1ec1n ch\u1eafc, b\u1ea1n h\u00e3y l\u01b0u \u00fd nh\u1eefng c\u00e1ch v\u1ec7 sinh, b\u1ea3o qu\u1ea3n trong qu\u00e1 tr\u00ecnh s\u1eed d\u1ee5ng nh\u01b0 sau:<\/p>\n<p>V\u1ec7 sinh gh\u1ebf h\u00e0ng ng\u00e0y b\u1eb1ng v\u1ea3i m\u1ec1m \u1ea9m.<br \/>\n\u0110\u1eb7t \u1edf n\u01a1i kh\u00f4 tho\u00e1ng, tr\u00e1nh \u0111\u1ed9 \u1ea9m v\u00e0 nhi\u1ec7t \u0111\u1ed9 cao, \u00e1nh n\u1eafng m\u1eb7t tr\u1eddi v\u00e0 c\u00e1c v\u1eadt li\u1ec7u d\u1ec5 ch\u00e1y.<br \/>\nLu\u00f4n lau ngay ch\u1ea5t l\u1ecfng b\u1ecb \u0111\u1ed5 v\u00e0 lau kh\u00f4 b\u1eb1ng v\u1ea3i m\u1ec1m.<br \/>\nKh\u00f4ng d\u00f9ng v\u1eadt b\u00e9n nh\u1ecdn l\u00e0m tr\u1ea7y x\u01b0\u1edbc b\u1ec1 m\u1eb7t.<\/p>\n","protected":false},"excerpt":{"rendered":"<p>M\u1eabu gh\u1ebf \u0103n PRINCETON g\u00e2y \u1ea5n t\u01b0\u1ee3ng ngay t\u1eeb l\u1ea7n \u0111\u1ea7u ti\u00ean b\u1edfi v\u1ebb \u0111\u1eb9p sang tr\u1ecdng, tinh t\u1ebf, mang \u0111\u1eadm h\u01a1i th\u1edf \u00c1 Ch\u00e2u. D\u00f9 b\u1ea1n l\u00e0 ng\u01b0\u1eddi y\u00eau th\u00edch phong c\u00e1ch c\u1ed5 \u0111i\u1ec3n hay hi\u1ec7n \u0111\u1ea1i, th\u00ec s\u1ea3n ph\u1ea9m gh\u1ebf \u0103n PRINCETON c\u0169ng l\u00e0 s\u1ef1 l\u1ef1a ch\u1ecdn ph\u00f9 h\u1ee3p nh\u1ea5t.+<\/p>\n","protected":false},"featured_media":430,"comment_status":"open","ping_status":"closed","template":"","meta":[],"product_brand":[],"product_cat":[15],"product_tag":[],"class_list":{"0":"post-419","1":"product","2":"type-product","3":"status-publish","4":"has-post-thumbnail","6":"product_cat-san-pham-khac","8":"first","9":"instock","10":"shipping-taxable","11":"purchasable","12":"product-type-simple"},"_links":{"self":[{"href":"https:\/\/sofavina.com\/en\/wp-json\/wp\/v2\/product\/419","targetHints":{"allow":["GET"]}}],"collection":[{"href":"https:\/\/sofavina.com\/en\/wp-json\/wp\/v2\/product"}],"about":[{"href":"https:\/\/sofavina.com\/en\/wp-json\/wp\/v2\/types\/product"}],"replies":[{"embeddable":true,"href":"https:\/\/sofavina.com\/en\/wp-json\/wp\/v2\/comments?post=419"}],"wp:featuredmedia":[{"embeddable":true,"href":"https:\/\/sofavina.com\/en\/wp-json\/wp\/v2\/media\/430"}],"wp:attachment":[{"href":"https:\/\/sofavina.com\/en\/wp-json\/wp\/v2\/media?parent=419"}],"wp:term":[{"taxonomy":"product_brand","embeddable":true,"href":"https:\/\/sofavina.com\/en\/wp-json\/wp\/v2\/product_brand?post=419"},{"taxonomy":"product_cat","embeddable":true,"href":"https:\/\/sofavina.com\/en\/wp-json\/wp\/v2\/product_cat?post=419"},{"taxonomy":"product_tag","embeddable":true,"href":"https:\/\/sofavina.com\/en\/wp-json\/wp\/v2\/product_tag?post=419"}],"curies":[{"name":"wp","href":"https:\/\/api.w.org\/{rel}","templated":true}]}}