{"id":420,"date":"2025-10-18T17:02:17","date_gmt":"2025-10-18T10:02:17","guid":{"rendered":"https:\/\/sofavinacom414.mbws.vn\/?post_type=product&#038;p=420"},"modified":"2025-10-22T13:23:44","modified_gmt":"2025-10-22T06:23:44","slug":"ghe-dai-thu-gian-mau-xanh-connemara","status":"publish","type":"product","link":"https:\/\/sofavina.com\/en\/san-pham\/ghe-dai-thu-gian-mau-xanh-connemara","title":{"rendered":"Gh\u1ebf D\u00e0i Th\u01b0 Gi\u00e3n M\u00e0u Xanh CONNEMARA"},"content":{"rendered":"<h3>Gh\u1ebf D\u00e0i Th\u01b0 Gi\u00e3n M\u00e0u Xanh CONNEMARA<\/h3>\n<p class=\"content1\">Gh\u1ebf n\u1eb1m CONNEMARA l\u00e0 m\u1ed9t thi\u1ebft k\u1ebf \u0111\u1eb7c bi\u1ec7t c\u1ee7a BAYA, l\u1ea5y c\u1ea3m h\u1ee9ng t\u1eeb phong c\u00e1ch Art Deco hi\u1ec7n \u0111\u1ea1i v\u00e0 \u1ea5n t\u01b0\u1ee3ng. S\u1ea3n ph\u1ea9m \u0111\u01b0\u1ee3c b\u1ecdc v\u1ea3i nhung m\u1ec1m m\u1ecbn; v\u1edbi m\u00e0u s\u1eafc v\u00e0 ki\u1ec3u d\u00e1ng c\u00e1 t\u00ednh, quy\u1ebfn r\u0169 cho b\u1ea1n tho\u1ea3i m\u00e1i th\u01b0 gi\u00e3n, ngh\u1ec9 ng\u01a1i. K\u1ebft h\u1ee3p v\u1edbi c\u00e1c m\u00f3n n\u1ed9i th\u1ea5t kh\u00e1c trong c\u00f9ng b\u1ed9 s\u01b0u t\u1eadp CONNEMARA \u0111\u1ec3 ho\u00e0n thi\u1ec7n vi\u1ec7c b\u00e0y tr\u00ed kh\u00f4ng gian ph\u00f2ng kh\u00e1ch sang tr\u1ecdng v\u00e0 \u1ea5m c\u00fang.<br \/>\n&#8212;&#8212;&#8212;-<br \/>\nS\u1ea3n ph\u1ea9m Gh\u1ebf n\u1eb1m<br \/>\nB\u1ed9 s\u01b0u t\u1eadp CONNEMARA<br \/>\nK\u00edch c\u1ee1 D85xW168xH80\/42<br \/>\nM\u00e0u s\u1eafc H\u1ed3ng<br \/>\nCh\u1ea5t li\u1ec7u V\u1ea3i t\u1ed5ng h\u1ee3p<br \/>\nXu\u1ea5t x\u1ee9 Vi\u1ec7t Nam<br \/>\nKi\u1ec3u d\u00e1ng Contemporary-Scandinavian<br \/>\n\u0110\u01a1n v\u1ecb PCS<br \/>\n&#8212;&#8212;&#8212;-<br \/>\n\u2022 S\u1eed d\u1ee5ng d\u1ecbch v\u1ee5 v\u1ec7 sinh sofa \u0111\u1ecbnh k\u1ef3 \u0111\u1ec3 b\u1ea3o qu\u1ea3n s\u1ea3n ph\u1ea9m t\u1ed1t nh\u1ea5t<br \/>\n\u2022 Kh\u00f4ng t\u1ea9y tr\u1eafng<br \/>\n\u2022 Kh\u00f4ng s\u1ea5y n\u00f3ng<br \/>\n\u2022 Kh\u00f4ng \u1ee7i s\u1ea3n ph\u1ea9m<br \/>\n\u2022 Lau s\u1ea1ch v\u1ebft b\u1ea9n nh\u1ecf b\u1eb1ng mi\u1ebfng b\u1ecdt bi\u1ec3n v\u00e0 n\u01b0\u1edbc ho\u1eb7c dung d\u1ecbch gi\u1eb7t r\u1eeda nh\u1eb9<br \/>\n\u2022 Lau ngay v\u1ebft ch\u1ea5t l\u1ecfng b\u1ecb \u0111\u1ed5 \u0111\u1ec3 tr\u00e1nh th\u1ea5m v\u00e0o s\u1ea3n ph\u1ea9m<\/p>\n","protected":false},"excerpt":{"rendered":"<p>Gh\u1ebf n\u1eb1m CONNEMARA l\u00e0 m\u1ed9t thi\u1ebft k\u1ebf \u0111\u1eb7c bi\u1ec7t c\u1ee7a BAYA, l\u1ea5y c\u1ea3m h\u1ee9ng t\u1eeb phong c\u00e1ch Art Deco hi\u1ec7n \u0111\u1ea1i v\u00e0 \u1ea5n t\u01b0\u1ee3ng. S\u1ea3n ph\u1ea9m \u0111\u01b0\u1ee3c b\u1ecdc v\u1ea3i nhung m\u1ec1m m\u1ecbn; v\u1edbi m\u00e0u s\u1eafc v\u00e0 ki\u1ec3u d\u00e1ng c\u00e1 t\u00ednh, quy\u1ebfn r\u0169 cho b\u1ea1n tho\u1ea3i m\u00e1i th\u01b0 gi\u00e3n, ngh\u1ec9 ng\u01a1i. K\u1ebft h\u1ee3p v\u1edbi c\u00e1c m\u00f3n n\u1ed9i th\u1ea5t kh\u00e1c trong c\u00f9ng b\u1ed9 s\u01b0u t\u1eadp CONNEMARA \u0111\u1ec3 ho\u00e0n thi\u1ec7n vi\u1ec7c b\u00e0y tr\u00ed kh\u00f4ng gian ph\u00f2ng kh\u00e1ch sang tr\u1ecdng v\u00e0 \u1ea5m c\u00fang.<\/p>\n","protected":false},"featured_media":433,"comment_status":"open","ping_status":"closed","template":"","meta":[],"product_brand":[],"product_cat":[15],"product_tag":[],"class_list":{"0":"post-420","1":"product","2":"type-product","3":"status-publish","4":"has-post-thumbnail","6":"product_cat-san-pham-khac","8":"first","9":"instock","10":"shipping-taxable","11":"purchasable","12":"product-type-simple"},"_links":{"self":[{"href":"https:\/\/sofavina.com\/en\/wp-json\/wp\/v2\/product\/420","targetHints":{"allow":["GET"]}}],"collection":[{"href":"https:\/\/sofavina.com\/en\/wp-json\/wp\/v2\/product"}],"about":[{"href":"https:\/\/sofavina.com\/en\/wp-json\/wp\/v2\/types\/product"}],"replies":[{"embeddable":true,"href":"https:\/\/sofavina.com\/en\/wp-json\/wp\/v2\/comments?post=420"}],"wp:featuredmedia":[{"embeddable":true,"href":"https:\/\/sofavina.com\/en\/wp-json\/wp\/v2\/media\/433"}],"wp:attachment":[{"href":"https:\/\/sofavina.com\/en\/wp-json\/wp\/v2\/media?parent=420"}],"wp:term":[{"taxonomy":"product_brand","embeddable":true,"href":"https:\/\/sofavina.com\/en\/wp-json\/wp\/v2\/product_brand?post=420"},{"taxonomy":"product_cat","embeddable":true,"href":"https:\/\/sofavina.com\/en\/wp-json\/wp\/v2\/product_cat?post=420"},{"taxonomy":"product_tag","embeddable":true,"href":"https:\/\/sofavina.com\/en\/wp-json\/wp\/v2\/product_tag?post=420"}],"curies":[{"name":"wp","href":"https:\/\/api.w.org\/{rel}","templated":true}]}}