{"id":421,"date":"2025-10-18T17:02:17","date_gmt":"2025-10-18T10:02:17","guid":{"rendered":"https:\/\/sofavinacom414.mbws.vn\/?post_type=product&#038;p=421"},"modified":"2025-10-22T13:23:44","modified_gmt":"2025-10-22T06:23:44","slug":"ghe-an-go-cao-su-mau-xam-van-go-kenny","status":"publish","type":"product","link":"https:\/\/sofavina.com\/en\/san-pham\/ghe-an-go-cao-su-mau-xam-van-go-kenny","title":{"rendered":"Gh\u1ebf \u0102n G\u1ed7 Cao Su M\u00e0u X\u00e1m V\u00e2n G\u1ed7 KENNY"},"content":{"rendered":"<h3>Gh\u1ebf \u0102n G\u1ed7 Cao Su M\u00e0u X\u00e1m V\u00e2n G\u1ed7 KENNY<\/h3>\n<p>T\u00ednh n\u0103ng n\u1ed5i b\u1eadt:<\/p>\n<p>S\u1ea3n ph\u1ea9m \u0111\u01b0\u1ee3c ho\u00e0n thi\u1ec7n b\u1edfi ch\u1ea5t li\u1ec7u g\u1ed7 MDF, b\u1ec1 m\u1eb7t gh\u1ebf ph\u1ee7 l\u1edbp Veneer t\u1ea7n b\u00ec gi\u00fap b\u1ea3o v\u1ec7 l\u1edbp g\u1ed7 b\u00ean trong, ch\u1ed1ng t\u00ecnh tr\u1ea1ng m\u1ed1i m\u1ecdt hay b\u1ecb bi\u1ebfn d\u1ea1ng b\u1edfi t\u00e1c \u0111\u1ed9ng nhi\u1ec7t c\u1ee7a th\u1eddi ti\u1ebft.<\/p>\n<p>Ph\u1ea7n khung g\u1ed7 v\u1eefng ch\u1eafc, ch\u1ecbu l\u1ef1c t\u1ed1t v\u00e0 b\u1ec1n b\u1ec9 theo n\u0103m th\u00e1ng.<\/p>\n<p>Thanh gh\u1ebf vu\u00f4ng truy\u1ec1n th\u1ed1ng v\u1edbi l\u01b0ng b\u1ea3n gh\u1ebf to h\u01a1i nghi\u00eang theo d\u00e1ng ng\u1ed3i t\u1ef1 nhi\u00ean gi\u00fap ng\u01b0\u1eddi d\u00f9ng lu\u00f4n tho\u1ea3i m\u00e1i trong qu\u00e1 tr\u00ecnh s\u1eed d\u1ee5ng.<\/p>\n<p>L\u1ee3i \u00edch:<\/p>\n<p>T\u00ednh ti\u1ec7n d\u1ee5ng cao, c\u00f3 th\u1ec3 s\u1eed d\u1ee5ng gh\u1ebf d\u00e0i ph\u1ee5c v\u1ee5 nhi\u1ec1u m\u1ee5c \u0111\u00edch nh\u01b0 l\u00e0m gh\u1ebf ph\u00f2ng \u0103n ho\u1eb7c \u0111\u1eb7t gh\u1ebf \u1edf khu v\u1ef1c ch\u1edd b\u00ean ngo\u00e0i s\u00e2n.<\/p>\n<p>Gh\u1ebf KENNY cung c\u1ea5p ch\u1ed7 ng\u1ed3i tho\u1ea3i m\u00e1i cho b\u1eefa \u0103n, cho ph\u00e9p b\u1ea1n ng\u1ed3i th\u1eb3ng v\u00e0 \u0111\u1ee1 l\u01b0ng trong khi \u0103n.<\/p>\n<p>S\u1eed d\u1ee5ng gh\u1ebf \u0103n c\u00f3 th\u1ec3 gi\u00fap c\u1ea3i thi\u1ec7n t\u01b0 th\u1ebf v\u00ec ch\u00fang t\u1ed1t h\u01a1n so v\u1edbi c\u00e1c l\u1ef1a ch\u1ecdn kh\u00e1c nh\u01b0 gh\u1ebf \u0111\u1ea9u ho\u1eb7c gh\u1ebf d\u00e0i.<\/p>\n<p>S\u1ea3n ph\u1ea9m r\u1ea5t d\u1ec5 lau ch\u00f9i ch\u1ec9 b\u1eb1ng kh\u0103n \u1ea9m. \u0110\u00e2y l\u00e0 \u0111i\u1ec3m c\u1ed9ng l\u1edbn \u0111\u1ed1i v\u1edbi c\u00e1c gia \u0111\u00ecnh c\u00f3 nhi\u1ec1u tr\u1ebb nh\u1ecf.<\/p>\n<p>Gh\u1ebf \u0103n KENNY mang s\u1eafc x\u00e1m \u0111\u01a1n gi\u1ea3n c\u00f9ng thi\u1ebft k\u1ebf v\u00e2n g\u1ed7 gi\u00fap t\u1ea1o th\u00eam \u0111i\u1ec3m nh\u1ea5n \u0111\u1eb7c bi\u1ec7t trong kh\u00f4ng gian m\u00e1i \u1ea5m.<\/p>\n<p>Kh\u00f4ng gian th\u00edch h\u1ee3p:<\/p>\n<p>B\u1ea1n c\u00f3 th\u1ec3 \u0111\u1eb7t gh\u1ebf KENNY \u1edf khu v\u1ef1c ph\u00f2ng \u0103n ho\u1eb7c d\u00f9ng ri\u00eang \u1edf s\u1ea3nh ch\u1edd. Tuy\u1ec7t v\u1eddi h\u01a1n th\u1ebf, gh\u1ebf KENNY c\u0169ng r\u1ea5t th\u00edch h\u1ee3p \u0111\u1eb7t \u1edf s\u00e2n v\u01b0\u1eddn, ch\u1ec9 th\u00eam m\u1ed9t chi\u1ebfc b\u00e0n nh\u1ecf n\u1eefa th\u00f4i l\u00e0 ta c\u00f3 th\u1ec3 th\u01b0\u1edfng th\u1ee9c c\u00e0 ph\u00ea, tr\u00e0, \u2026 \u0111\u1ec3 gia \u0111\u00ecnh c\u00f9ng nhau, tr\u00f2 chuy\u1ec7n.<\/p>\n<p>&#8212;&#8212;&#8212;-<\/p>\n<p>S\u1ea3n ph\u1ea9m Gh\u1ebf \u0103n<br \/>\nB\u1ed9 s\u01b0u t\u1eadp KENNY<br \/>\nK\u00edch c\u1ee1 D41xW50xH83<br \/>\nM\u00e0u s\u1eafc M\u00e0u x\u00e1m<br \/>\nCh\u1ea5t li\u1ec7u Rubber-wood-MDF-Ash-veneer<br \/>\nXu\u1ea5t x\u1ee9 Vi\u1ec7t Nam<br \/>\n\u0110\u01a1n v\u1ecb PCS<\/p>\n","protected":false},"excerpt":{"rendered":"<p>S\u1ea3n ph\u1ea9m \u0111\u01b0\u1ee3c ho\u00e0n thi\u1ec7n b\u1edfi ch\u1ea5t li\u1ec7u g\u1ed7 MDF, b\u1ec1 m\u1eb7t gh\u1ebf ph\u1ee7 l\u1edbp Veneer t\u1ea7n b\u00ec gi\u00fap b\u1ea3o v\u1ec7 l\u1edbp g\u1ed7 b\u00ean trong, ch\u1ed1ng t\u00ecnh tr\u1ea1ng m\u1ed1i m\u1ecdt hay b\u1ecb bi\u1ebfn d\u1ea1ng b\u1edfi t\u00e1c \u0111\u1ed9ng nhi\u1ec7t c\u1ee7a th\u1eddi ti\u1ebft.<\/p>\n","protected":false},"featured_media":429,"comment_status":"open","ping_status":"closed","template":"","meta":[],"product_brand":[],"product_cat":[15],"product_tag":[],"class_list":{"0":"post-421","1":"product","2":"type-product","3":"status-publish","4":"has-post-thumbnail","6":"product_cat-san-pham-khac","8":"first","9":"instock","10":"sale","11":"shipping-taxable","12":"purchasable","13":"product-type-simple"},"_links":{"self":[{"href":"https:\/\/sofavina.com\/en\/wp-json\/wp\/v2\/product\/421","targetHints":{"allow":["GET"]}}],"collection":[{"href":"https:\/\/sofavina.com\/en\/wp-json\/wp\/v2\/product"}],"about":[{"href":"https:\/\/sofavina.com\/en\/wp-json\/wp\/v2\/types\/product"}],"replies":[{"embeddable":true,"href":"https:\/\/sofavina.com\/en\/wp-json\/wp\/v2\/comments?post=421"}],"wp:featuredmedia":[{"embeddable":true,"href":"https:\/\/sofavina.com\/en\/wp-json\/wp\/v2\/media\/429"}],"wp:attachment":[{"href":"https:\/\/sofavina.com\/en\/wp-json\/wp\/v2\/media?parent=421"}],"wp:term":[{"taxonomy":"product_brand","embeddable":true,"href":"https:\/\/sofavina.com\/en\/wp-json\/wp\/v2\/product_brand?post=421"},{"taxonomy":"product_cat","embeddable":true,"href":"https:\/\/sofavina.com\/en\/wp-json\/wp\/v2\/product_cat?post=421"},{"taxonomy":"product_tag","embeddable":true,"href":"https:\/\/sofavina.com\/en\/wp-json\/wp\/v2\/product_tag?post=421"}],"curies":[{"name":"wp","href":"https:\/\/api.w.org\/{rel}","templated":true}]}}