{"id":423,"date":"2025-10-18T17:02:17","date_gmt":"2025-10-18T10:02:17","guid":{"rendered":"https:\/\/sofavinacom414.mbws.vn\/?post_type=product&#038;p=423"},"modified":"2025-10-22T13:23:43","modified_gmt":"2025-10-22T06:23:43","slug":"ban-an-go-soi-harris","status":"publish","type":"product","link":"https:\/\/sofavina.com\/en\/san-pham\/ban-an-go-soi-harris","title":{"rendered":"B\u00e0n \u0102n G\u1ed7 S\u1ed3i HARRIS"},"content":{"rendered":"<h3>B\u00e0n \u0102n G\u1ed7 S\u1ed3i HARRIS<\/h3>\n<p>&#8211; B\u00e0n \u0103n HARRIS mang thi\u1ebft k\u1ebf t\u1ed1i gi\u1ea3n, kh\u00f4ng c\u1ed3ng k\u1ec1nh, c\u00f3 th\u1ec3 d\u1ec5 d\u00e0ng mang v\u00e1c \u0111i khi c\u00f3 nhu c\u1ea7u di chuy\u1ec3n.<\/p>\n<p>&#8211; B\u1ec1n b\u1ec9, c\u00f3 th\u1ec3 ch\u1ecbu \u0111\u1ef1ng \u0111\u01b0\u1ee3c th\u1eddi ti\u1ebft kh\u1eafc nghi\u1ec7t, t\u1ed3n t\u1ea1i l\u00e2u d\u00e0i theo th\u1eddi gian.<\/p>\n<p>&#8212;&#8212;&#8212;-<\/p>\n<p>S\u1ea3n ph\u1ea9m B\u00e0n \u0103n<br \/>\nB\u1ed9 s\u01b0u t\u1eadp HARRIS<br \/>\nK\u00edch c\u1ee1 L160xW90xH75<br \/>\nM\u00e0u s\u1eafc M\u00e0u g\u1ed7 s\u00e1ng<br \/>\nCh\u1ea5t li\u1ec7u MDF-Acacia-Oak-veneer<br \/>\nXu\u1ea5t x\u1ee9 Vi\u1ec7t Nam<br \/>\n\u0110\u01a1n v\u1ecb PCS<br \/>\n&#8212;&#8212;&#8212;-<br \/>\n\u2022 \u0110\u1eb7t s\u1ea3n ph\u1ea9m n\u01a1i kh\u00f4 tho\u00e1ng, tr\u00e1nh \u0111\u1ed9 \u1ea9m v\u00e0 nhi\u1ec7t \u0111\u1ed9 cao<\/p>\n<p>\u2022 Kh\u00f4ng k\u00e9o, \u0111\u1ea9y s\u1ea3n ph\u1ea9m tr\u00ean m\u1eb7t s\u00e0n g\u1ed3 gh\u1ec1<\/p>\n<p>\u2022 V\u1ec7 sinh s\u1ea3n ph\u1ea9m b\u1eb1ng kh\u0103n \u1ea9m, sau \u0111\u00f3 lau kh\u00f4 ngay b\u1eb1ng kh\u0103n m\u1ec1m<\/p>\n<p>\u2022 Kh\u00f4ng s\u1eed d\u1ee5ng v\u1eadt s\u1eafc nh\u1ecdn ch\u00e0 x\u00e1t l\u00ean s\u1ea3n ph\u1ea9m<\/p>\n","protected":false},"excerpt":{"rendered":"<p>B\u00e0n \u0103n HARRIS mang thi\u1ebft k\u1ebf t\u1ed1i gi\u1ea3n, kh\u00f4ng c\u1ed3ng k\u1ec1nh, c\u00f3 th\u1ec3 d\u1ec5 d\u00e0ng mang v\u00e1c \u0111i khi c\u00f3 nhu c\u1ea7u di chuy\u1ec3n. B\u1ec1n b\u1ec9, c\u00f3 th\u1ec3 ch\u1ecbu \u0111\u1ef1ng \u0111\u01b0\u1ee3c th\u1eddi ti\u1ebft kh\u1eafc nghi\u1ec7t, t\u1ed3n t\u1ea1i l\u00e2u d\u00e0i theo th\u1eddi gian.<\/p>\n","protected":false},"featured_media":437,"comment_status":"open","ping_status":"closed","template":"","meta":[],"product_brand":[],"product_cat":[15],"product_tag":[],"class_list":{"0":"post-423","1":"product","2":"type-product","3":"status-publish","4":"has-post-thumbnail","6":"product_cat-san-pham-khac","8":"first","9":"instock","10":"sale","11":"shipping-taxable","12":"purchasable","13":"product-type-simple"},"_links":{"self":[{"href":"https:\/\/sofavina.com\/en\/wp-json\/wp\/v2\/product\/423","targetHints":{"allow":["GET"]}}],"collection":[{"href":"https:\/\/sofavina.com\/en\/wp-json\/wp\/v2\/product"}],"about":[{"href":"https:\/\/sofavina.com\/en\/wp-json\/wp\/v2\/types\/product"}],"replies":[{"embeddable":true,"href":"https:\/\/sofavina.com\/en\/wp-json\/wp\/v2\/comments?post=423"}],"wp:featuredmedia":[{"embeddable":true,"href":"https:\/\/sofavina.com\/en\/wp-json\/wp\/v2\/media\/437"}],"wp:attachment":[{"href":"https:\/\/sofavina.com\/en\/wp-json\/wp\/v2\/media?parent=423"}],"wp:term":[{"taxonomy":"product_brand","embeddable":true,"href":"https:\/\/sofavina.com\/en\/wp-json\/wp\/v2\/product_brand?post=423"},{"taxonomy":"product_cat","embeddable":true,"href":"https:\/\/sofavina.com\/en\/wp-json\/wp\/v2\/product_cat?post=423"},{"taxonomy":"product_tag","embeddable":true,"href":"https:\/\/sofavina.com\/en\/wp-json\/wp\/v2\/product_tag?post=423"}],"curies":[{"name":"wp","href":"https:\/\/api.w.org\/{rel}","templated":true}]}}